{"id":24918,"date":"2022-07-03T11:01:31","date_gmt":"2022-07-03T11:01:31","guid":{"rendered":"https:\/\/ap.moonsafari.design\/unsere-mission\/"},"modified":"2022-07-13T14:52:44","modified_gmt":"2022-07-13T14:52:44","slug":"unsere-mission","status":"publish","type":"page","link":"https:\/\/2.moonsafari.design\/de\/unsere-mission\/","title":{"rendered":"Unsere Mission"},"content":{"rendered":"<p>[et_pb_section fb_built=&#8220;1&#8243; admin_label=&#8220;Hero image&#8220; _builder_version=&#8220;4.17.4&#8243; _module_preset=&#8220;default&#8220; background_image=&#8220;https:\/\/2.moonsafari.design\/wp-content\/uploads\/2022\/07\/nasa-misija-cresanka.webp&#8220; background_position=&#8220;top_center&#8220; min_height=&#8220;400px&#8220; top_divider_color=&#8220;#e02b20&#8243; bottom_divider_style=&#8220;waves2&#8243; bottom_divider_color=&#8220;#f6f6f3&#8243; hover_enabled=&#8220;0&#8243; locked=&#8220;off&#8220; collapsed=&#8220;on&#8220; global_colors_info=&#8220;{}&#8220; theme_builder_area=&#8220;post_content&#8220; alt=&#8220;Na\u0161a misija &#8211; Cresanka&#8220; title_text=&#8220;Na\u0161a misija &#8211; Cresanka&#8220; sticky_enabled=&#8220;0&#8243;][\/et_pb_section][et_pb_section fb_built=&#8220;1&#8243; admin_label=&#8220;Na\u0161a misija&#8220; _builder_version=&#8220;4.16&#8243; _module_preset=&#8220;default&#8220; background_color=&#8220;rgba(0,0,0,0)&#8220; custom_margin=&#8220;-200px||50px||false|false&#8220; custom_padding=&#8220;0px||0px||false|false&#8220; locked=&#8220;off&#8220; collapsed=&#8220;off&#8220; global_colors_info=&#8220;{}&#8220; theme_builder_area=&#8220;post_content&#8220;][et_pb_row admin_label=&#8220;Naslov &#8220; _builder_version=&#8220;4.16&#8243; _module_preset=&#8220;default&#8220; custom_padding=&#8220;0px|4vw||4vw|false|false&#8220; hover_enabled=&#8220;0&#8243; collapsed=&#8220;off&#8220; global_colors_info=&#8220;{}&#8220; theme_builder_area=&#8220;post_content&#8220; sticky_enabled=&#8220;0&#8243;][et_pb_column type=&#8220;4_4&#8243; _builder_version=&#8220;4.16&#8243; _module_preset=&#8220;default&#8220; global_colors_info=&#8220;{}&#8220; theme_builder_area=&#8220;post_content&#8220;][et_pb_text _builder_version=&#8220;4.17.4&#8243; _module_preset=&#8220;default&#8220; text_line_height=&#8220;1.5em&#8220; header_font=&#8220;|300|||||||&#8220; header_text_align=&#8220;left&#8220; header_text_color=&#8220;#f6f6f3&#8243; header_font_size=&#8220;3.5em&#8220; header_6_font=&#8220;|||on|||||&#8220; header_6_line_height=&#8220;2em&#8220; background_layout=&#8220;dark&#8220; custom_margin=&#8220;||||false|false&#8220; hover_enabled=&#8220;0&#8243; locked=&#8220;off&#8220; global_colors_info=&#8220;{}&#8220; theme_builder_area=&#8220;post_content&#8220; sticky_enabled=&#8220;0&#8243;]<\/p>\n<h1>Unsere Mission<\/h1>\n<p>[\/et_pb_text][\/et_pb_column][\/et_pb_row][et_pb_row column_structure=&#8220;2_3,1_3&#8243; use_custom_gutter=&#8220;on&#8220; gutter_width=&#8220;1&#8243; admin_label=&#8220;Opis&#8220; _builder_version=&#8220;4.17.4&#8243; _module_preset=&#8220;default&#8220; background_color=&#8220;#FFFFFF&#8220; z_index=&#8220;99&#8243; custom_margin=&#8220;||||false|false&#8220; custom_padding=&#8220;50px|50px|50px|50px|true|true&#8220; hover_enabled=&#8220;0&#8243; box_shadow_style=&#8220;preset1&#8243; box_shadow_vertical=&#8220;-25px&#8220; box_shadow_spread=&#8220;-10px&#8220; collapsed=&#8220;off&#8220; global_colors_info=&#8220;{}&#8220; theme_builder_area=&#8220;post_content&#8220; sticky_enabled=&#8220;0&#8243;][et_pb_column type=&#8220;2_3&#8243; _builder_version=&#8220;4.16&#8243; _module_preset=&#8220;default&#8220; global_colors_info=&#8220;{}&#8220; theme_builder_area=&#8220;post_content&#8220;][et_pb_text _builder_version=&#8220;4.17.4&#8243; _module_preset=&#8220;default&#8220; text_font=&#8220;|300|||||||&#8220; text_font_size=&#8220;24px&#8220; text_letter_spacing=&#8220;0.03em&#8220; text_line_height=&#8220;1.4em&#8220; hover_enabled=&#8220;0&#8243; global_colors_info=&#8220;{}&#8220; theme_builder_area=&#8220;post_content&#8220; sticky_enabled=&#8220;0&#8243;]Die Philosophie der CRESANKA-Gruppe basiert auf einer einfachen, aber starken Idee \u2013 Ihnen zu erm\u00f6glichen, dem Alltag in eine erholsame Natur zu entfliehen und zu Ihrer Oase der Ruhe, Gesundheit, des Wohlbefindens und der autochthonen Erfahrung zu werden.[\/et_pb_text][et_pb_text _builder_version=&#8220;4.17.4&#8243; _module_preset=&#8220;default&#8220; header_3_font=&#8220;||||||||&#8220; custom_margin=&#8220;50px||15px||false|false&#8220; hover_enabled=&#8220;0&#8243; global_colors_info=&#8220;{}&#8220; theme_builder_area=&#8220;post_content&#8220; sticky_enabled=&#8220;0&#8243;]<\/p>\n<h3>Eine neue dimension des lebens<\/h3>\n<p>[\/et_pb_text][et_pb_text _builder_version=&#8220;4.17.4&#8243; _module_preset=&#8220;default&#8220; text_letter_spacing=&#8220;0.03em&#8220; text_line_height=&#8220;2em&#8220; hover_enabled=&#8220;0&#8243; global_colors_info=&#8220;{}&#8220; theme_builder_area=&#8220;post_content&#8220; sticky_enabled=&#8220;0&#8243;]Durch die Aktivierung aller Sinne und das Eintauchen in eine nat\u00fcrliche und gesunde Umgebung bieten wir Ihnen eine entspannende und anregende Atmosph\u00e4re \u2013 die perfekte Kombination aus Komfort und autochthonem Cres-Erlebnis. Durch stetiges Arbeiten, Lernen und zus\u00e4tzliche Dienstleistungen streben wir danach, Ihre Eco-Friendly-Oase zu werden, in der sich alles dem Erhalt nat\u00fcrlicher Ressourcen, der menschlichen Gesundheit und dem Wohlbefinden unterordnet, um alle menschlichen Sinne zu aktivieren.<\/p>\n<p>Entdecken Sie mit unseren Programmen die Sch\u00f6nheit der Natur um uns herum als unersch\u00f6pflicher Kreativit\u00e4tsquelle wieder. Sp\u00fcren Sie die entspannte Berechenbarkeit der Regungen unserer Flora und Fauna. Sehen Sie mit neuen Augen, was Sie umgibt und geben Sie Ihrem Leben eine neue Dimension, indem Sie Ihre Sinne in der Natur anregen.[\/et_pb_text][et_pb_text _builder_version=&#8220;4.17.4&#8243; _module_preset=&#8220;default&#8220; header_3_font=&#8220;||||||||&#8220; custom_margin=&#8220;50px||15px||false|false&#8220; hover_enabled=&#8220;0&#8243; global_colors_info=&#8220;{}&#8220; theme_builder_area=&#8220;post_content&#8220; sticky_enabled=&#8220;0&#8243;]<\/p>\n<h3>Unsere werte<\/h3>\n<p>[\/et_pb_text][et_pb_text _builder_version=&#8220;4.17.4&#8243; _module_preset=&#8220;default&#8220; text_letter_spacing=&#8220;0.03em&#8220; text_line_height=&#8220;2em&#8220; hover_enabled=&#8220;0&#8243; global_colors_info=&#8220;{}&#8220; theme_builder_area=&#8220;post_content&#8220; sticky_enabled=&#8220;0&#8243;]<strong>Vielfalt<\/strong> \u2013 Was uns unterscheidet Unsere Arbeit beruht auf h\u00f6chster Qualit\u00e4t auf Basis nat\u00fcrlicher Ressourcen und der Einbeziehung autochthoner Details in Ihre Erfahrung.<\/p>\n<p><strong>Lernlust<\/strong> \u2013 Unsere Mitarbeiter vervollst\u00e4ndigen kontinuierlich und engagiert ihr Wissen und ihre Informationen, lassen sich zertifizieren und bieten so dem Gast einen lehrreichen, proaktiven und umfassenden Service. Wir m\u00f6chten als qualitativ hochwertiges Referenzziel f\u00fcr ein nat\u00fcrliches, gesundes, autochthones und personalisiertes G\u00e4steerlebnis erkannt werden.<\/p>\n<p><strong>Engagement<\/strong> \u2013 Wir sind f\u00fcr Sie da. Zu unserer Philosophie geh\u00f6rt die F\u00f6rderung des konstruktiven Dialogs und Win-Win-Ansatzes. Alle Mitarbeiter der CRESANKA D.D. sind immer f\u00fcr ge\u00e4u\u00dferte und unausgesprochene Bed\u00fcrfnisse und Erwartungen von Ihnen \u2013 unserem Gast \u2013 verf\u00fcgbar und sorgen f\u00fcr authentische Sorgfalt, Hingabe und individuelle Fachberatung.<br \/>\nHerzlichkeit, Einf\u00fchlungsverm\u00f6gen und pers\u00f6nliche Noten zieren jede Interaktion. Jeder Mitarbeiter der CRESANKA D.D. h\u00f6rt auch dann zu, wenn ihn niemand anspricht. Der gastorientierte Prozess stellt sicher, dass unsere G\u00e4ste unsere Dienstleistungen nicht nur in Anspruch nehmen, sondern uns auch helfen, diese zu verbessern.<\/p>\n<p><strong>Leidenschaft<\/strong> \u2013 CRESANKA D.D. ist ein agiles Unternehmen, das immer bereit ist, sich an einen bestimmten Moment anzupassen. Leidenschaft ist der Treibstoff, der uns antreibt, besser zu werden. Wir sch\u00e4tzen Entschlossenheit, Enthusiasmus und das Gef\u00fchl f\u00fcr Dringlichkeit. Wir sind inspiriert, weil wir an das glauben, was wir tun, und die Einstellung haben, dass alles m\u00f6glich ist.<\/p>\n<p><strong>Teamarbeit<\/strong> \u2013 CRESANKA D.D. ist ein Ort, an dem Teamgeist und ehrliche Beziehungen in jeder menschlichen Interaktion pr\u00e4sent sind. Wir wollen ein Umfeld schaffen, das r\u00fccksichtsvoll, tolerant, hilfsbereit und unternehmungslustig ist. Unsere Mitarbeiter zeigen Dankbarkeit, Interesse und Respekt. Wir unterst\u00fctzen die Vielfalt der Ideen, Einstellungen und Interessen. Anstatt uns auf das Schlechte zu fokussieren, finden wir L\u00f6sungen, sammeln kollektive Intelligenz und handeln entschlossen und synergetisch.[\/et_pb_text][et_pb_text _builder_version=&#8220;4.17.4&#8243; _module_preset=&#8220;default&#8220; header_3_font=&#8220;||||||||&#8220; custom_margin=&#8220;50px||15px||false|false&#8220; hover_enabled=&#8220;0&#8243; global_colors_info=&#8220;{}&#8220; theme_builder_area=&#8220;post_content&#8220; sticky_enabled=&#8220;0&#8243;]<\/p>\n<h3>Pers\u00f6nliche noten f\u00fcr ein ganz besonderes erlebnis<\/h3>\n<p>[\/et_pb_text][et_pb_text _builder_version=&#8220;4.17.4&#8243; _module_preset=&#8220;default&#8220; text_letter_spacing=&#8220;0.03em&#8220; text_line_height=&#8220;2em&#8220; hover_enabled=&#8220;0&#8243; global_colors_info=&#8220;{}&#8220; theme_builder_area=&#8220;post_content&#8220; sticky_enabled=&#8220;0&#8243;]Erfahrungen unserer G\u00e4ste basieren auf der Nutzung nat\u00fcrlicher Grundlagen des Ortes und der Authentizit\u00e4t des Kulturerbes von Cres, wodurch ein einzigartiger Service mit einem erkennbaren Stil und Design sowie sp\u00fcrbare Sicherheit und Komfort f\u00fcr unsere G\u00e4ste sichergestellt werden.<br \/>\nWir bringen eine pers\u00f6nliche Note in alles, was wir tun. Unsere individuelle Herangehensweise sorgt daf\u00fcr, dass sich jeder Gast wohl, angenommen, anerkannt und erf\u00fcllt f\u00fchlt. Mit unserer Aufrichtigkeit und Sorgfalt versuchen wir, in Ihnen das Gef\u00fchl von Zuhause zu wecken, denn gerade das ist unser Ziel \u2013 Ihr Zuhause und Ihre Gemeinschaft zu werden, zu der Sie immer gerne zur\u00fcckkehren. Wir h\u00f6ren aufmerksam auf Ihre Vorschl\u00e4ge, Anmerkungen und Beobachtungen, um Ihren Aufenthalt bei uns so pers\u00f6nlich wie m\u00f6glich zu gestalten, um Ihre Erwartungen zu \u00fcbertreffen und sicherzustellen, dass Sie eine Reihe unvergesslicher Momente mit sich nach Hause bringen.<\/p>\n<p>Unser Team handelt vorbehaltlos und von Herzen, h\u00f6rt aktiv auf Ihre ge\u00e4u\u00dferten und unausgesprochenen Bed\u00fcrfnisse und W\u00fcnsche, vereinfacht Ihr Leben w\u00e4hrend und nach dem Aufenthalt bei uns und wird Sie sicherlich \u00fcberraschen und Ihnen helfen, sich selbst zu \u00fcberraschen.[\/et_pb_text][\/et_pb_column][et_pb_column type=&#8220;1_3&#8243; _builder_version=&#8220;4.16&#8243; _module_preset=&#8220;default&#8220; global_colors_info=&#8220;{}&#8220; theme_builder_area=&#8220;post_content&#8220;][\/et_pb_column][\/et_pb_row][\/et_pb_section]<\/p>\n","protected":false},"excerpt":{"rendered":"<p>Unsere MissionDie Philosophie der CRESANKA-Gruppe basiert auf einer einfachen, aber starken Idee \u2013 Ihnen zu erm\u00f6glichen, dem Alltag in eine erholsame Natur zu entfliehen und zu Ihrer Oase der Ruhe, Gesundheit, des Wohlbefindens und der autochthonen Erfahrung zu werden.Eine neue dimension des lebensDurch die Aktivierung aller Sinne und das Eintauchen in eine nat\u00fcrliche und gesunde [&hellip;]<\/p>\n","protected":false},"author":1,"featured_media":0,"parent":0,"menu_order":0,"comment_status":"closed","ping_status":"closed","template":"","meta":{"_et_pb_use_builder":"on","_et_pb_old_content":"","_et_gb_content_width":"","footnotes":""},"class_list":["post-24918","page","type-page","status-publish","hentry"],"_links":{"self":[{"href":"https:\/\/2.moonsafari.design\/de\/wp-json\/wp\/v2\/pages\/24918","targetHints":{"allow":["GET"]}}],"collection":[{"href":"https:\/\/2.moonsafari.design\/de\/wp-json\/wp\/v2\/pages"}],"about":[{"href":"https:\/\/2.moonsafari.design\/de\/wp-json\/wp\/v2\/types\/page"}],"author":[{"embeddable":true,"href":"https:\/\/2.moonsafari.design\/de\/wp-json\/wp\/v2\/users\/1"}],"replies":[{"embeddable":true,"href":"https:\/\/2.moonsafari.design\/de\/wp-json\/wp\/v2\/comments?post=24918"}],"version-history":[{"count":2,"href":"https:\/\/2.moonsafari.design\/de\/wp-json\/wp\/v2\/pages\/24918\/revisions"}],"predecessor-version":[{"id":24920,"href":"https:\/\/2.moonsafari.design\/de\/wp-json\/wp\/v2\/pages\/24918\/revisions\/24920"}],"wp:attachment":[{"href":"https:\/\/2.moonsafari.design\/de\/wp-json\/wp\/v2\/media?parent=24918"}],"curies":[{"name":"wp","href":"https:\/\/api.w.org\/{rel}","templated":true}]}}