{"id":24964,"date":"2022-05-30T14:53:16","date_gmt":"2022-05-30T12:53:16","guid":{"rendered":"https:\/\/ap.moonsafari.design\/privatzimmer-cres\/"},"modified":"2026-01-30T10:29:50","modified_gmt":"2026-01-30T09:29:50","slug":"privatzimmer-cres","status":"publish","type":"page","link":"https:\/\/2.moonsafari.design\/de\/privatzimmer-cres\/","title":{"rendered":"Privatzimmer Cres"},"content":{"rendered":"<p>[et_pb_section fb_built=&#8220;1&#8243; admin_label=&#8220;Section: Hero&#8220; _builder_version=&#8220;4.27.5&#8243; _module_preset=&#8220;default&#8220; background_color=&#8220;gcid-a156b819-d034-45f8-b35d-790ce8709291&#8243; background_image=&#8220;https:\/\/2.moonsafari.design\/wp-content\/uploads\/2022\/05\/Privatne-sobe-Cres.webp&#8220; background_blend=&#8220;multiply&#8220; min_height=&#8220;800px&#8220; min_height_tablet=&#8220;800px&#8220; min_height_phone=&#8220;800px&#8220; min_height_last_edited=&#8220;on|phone&#8220; height_tablet=&#8220;&#8220; height_phone=&#8220;60vh&#8220; height_last_edited=&#8220;on|phone&#8220; max_height=&#8220;800px&#8220; max_height_tablet=&#8220;800px&#8220; max_height_phone=&#8220;800px&#8220; max_height_last_edited=&#8220;on|phone&#8220; mix_blend_mode=&#8220;overlay&#8220; top_divider_color=&#8220;#e02b20&#8243; bottom_divider_style=&#8220;waves2&#8243; bottom_divider_color=&#8220;#FFFFFF&#8220; bottom_divider_style_tablet=&#8220;waves2&#8243; bottom_divider_style_phone=&#8220;wave2&#8243; bottom_divider_style_last_edited=&#8220;on|phone&#8220; bottom_divider_height_tablet=&#8220;&#8220; bottom_divider_height_phone=&#8220;50px&#8220; bottom_divider_height_last_edited=&#8220;on|phone&#8220; background_color_phone=&#8220;gcid-23665c83-1e02-4cac-a0e3-b902c4ab1b7c&#8220; background_last_edited=&#8220;on|phone&#8220; background_enable_color_phone=&#8220;on&#8220; background_image_phone=&#8220;https:\/\/2.moonsafari.design\/wp-content\/uploads\/2022\/05\/Privatne-sobe-Cres.webp&#8220; background_enable_image_phone=&#8220;on&#8220; background_blend_phone=&#8220;multiply&#8220; collapsed=&#8220;on&#8220; global_colors_info=&#8220;{%22gcid-a156b819-d034-45f8-b35d-790ce8709291%22:%91%22background_color%22%93}&#8220; background__hover_enabled=&#8220;off|hover&#8220; background_color__hover=&#8220;#000000&#8243; background_enable_color__hover=&#8220;on&#8220;][\/et_pb_section][et_pb_section fb_built=&#8220;1&#8243; admin_label=&#8220;Intro&#8220; _builder_version=&#8220;4.16&#8243; _module_preset=&#8220;default&#8220; background_color=&#8220;rgba(0,0,0,0)&#8220; custom_margin=&#8220;-350px||||false|false&#8220; custom_padding=&#8220;0px||0px||false|false&#8220; collapsed=&#8220;on&#8220; global_colors_info=&#8220;{}&#8220;][et_pb_row admin_label=&#8220;Row: Naslov&#8220; _builder_version=&#8220;4.16&#8243; _module_preset=&#8220;default&#8220; width_tablet=&#8220;&#8220; width_phone=&#8220;90%&#8220; width_last_edited=&#8220;on|phone&#8220; custom_padding=&#8220;0px|4vw||4vw|false|false&#8220; collapsed=&#8220;off&#8220; global_colors_info=&#8220;{}&#8220;][et_pb_column type=&#8220;4_4&#8243; _builder_version=&#8220;4.16&#8243; _module_preset=&#8220;default&#8220; global_colors_info=&#8220;{}&#8220;][et_pb_text admin_label=&#8220;Naslov&#8220; _builder_version=&#8220;4.17.4&#8243; _module_preset=&#8220;default&#8220; text_line_height=&#8220;1.5em&#8220; header_font=&#8220;||||||||&#8220; header_text_align=&#8220;left&#8220; header_text_color=&#8220;#f6f6f3&#8243; background_layout=&#8220;dark&#8220; custom_margin=&#8220;||||false|false&#8220; header_font_size_tablet=&#8220;91px&#8220; header_font_size_phone=&#8220;3em&#8220; header_font_size_last_edited=&#8220;on|phone&#8220; header_6_line_height_tablet=&#8220;&#8220; header_6_line_height_phone=&#8220;1.2em&#8220; header_6_line_height_last_edited=&#8220;on|phone&#8220; locked=&#8220;off&#8220; global_colors_info=&#8220;{}&#8220;]<\/p>\n<h1>Privatzimmer Cres<\/h1>\n<h6>URLAUB IM HERZEN DER ALTSTADT<\/h6>\n<p>[\/et_pb_text][\/et_pb_column][\/et_pb_row][et_pb_row column_structure=&#8220;2_3,1_3&#8243; admin_label=&#8220;Row: Opis&#8220; _builder_version=&#8220;4.17.4&#8243; _module_preset=&#8220;default&#8220; background_color=&#8220;#FFFFFF&#8220; z_index=&#8220;99&#8243; width_tablet=&#8220;&#8220; width_phone=&#8220;90%&#8220; width_last_edited=&#8220;on|phone&#8220; custom_margin=&#8220;||||false|false&#8220; custom_padding=&#8220;4vw|4vw||4vw|false|false&#8220; box_shadow_style=&#8220;preset1&#8243; box_shadow_vertical=&#8220;-25px&#8220; box_shadow_spread=&#8220;-10px&#8220; collapsed=&#8220;on&#8220; global_colors_info=&#8220;{}&#8220;][et_pb_column type=&#8220;2_3&#8243; _builder_version=&#8220;4.16&#8243; _module_preset=&#8220;default&#8220; background_color=&#8220;RGBA(0,0,0,0)&#8220; global_colors_info=&#8220;{}&#8220;][et_pb_text _builder_version=&#8220;4.17.4&#8243; _module_preset=&#8220;default&#8220; text_font=&#8220;||||||||&#8220; text_letter_spacing=&#8220;0.03em&#8220; text_line_height=&#8220;1.8em&#8220; custom_margin=&#8220;||50px||false|false&#8220; locked=&#8220;off&#8220; global_colors_info=&#8220;{%22gcid-15be7f10-44fe-47d7-8b6a-63cddb76816b%22:%91%22dsm_modules_readmore_link_color%22%93}&#8220;]<\/p>\n<p><span style=\"font-weight: 400;\">Besuchen Sie die lebendige Schatzkammer der Geschichte von Cres und \u00fcbernachten Sie in einem der privaten Zimmer aus unserem Angebot. Wie die Apartments, befinden sich die Privatzimmer \u00fcberwiegend in den Stadtteilen von Cres Melin oder Grabar oder in der Altstadt. Ihre Lage macht sie besonders interessant, da sie ein idealer Ort sind, um die Stadt und die Insel zu erleben. Die Privatzimmer liegen ca. 200-500 m vom Meer entfernt.<\/span><\/p>\n<p><span style=\"font-weight: 400;\">Privatzimmer sind f\u00fcr Ihren Komfort komplett ausgestattet und individuell nach dem Geschmack des Hausbesitzers aus der Stadt Cres eingerichtet. Die privaten 3-Sterne-Zimmer verf\u00fcgen \u00fcber ein eigenes Bad, Handt\u00fccher und Bettw\u00e4sche. Die Reinigung ist ebenfalls im Preis inbegriffen.<\/span><\/p>\n<p>[\/et_pb_text][\/et_pb_column][et_pb_column type=&#8220;1_3&#8243; _builder_version=&#8220;4.16&#8243; _module_preset=&#8220;default&#8220; global_colors_info=&#8220;{}&#8220;][et_pb_text _builder_version=&#8220;4.17.4&#8243; _module_preset=&#8220;default&#8220; header_4_font=&#8220;|||on|||||&#8220; header_4_letter_spacing=&#8220;0.5px&#8220; global_colors_info=&#8220;{}&#8220;]<\/p>\n<h4>Merkmale:<\/h4>\n<ul>\n<li>Privates Badezimmer<\/li>\n<li>Handt\u00fccher<\/li>\n<li>Bettw\u00e4sche<\/li>\n<\/ul>\n<p>[\/et_pb_text][\/et_pb_column][\/et_pb_row][\/et_pb_section][et_pb_section fb_built=&#8220;1&#8243; admin_label=&#8220;Section: Sobe&#8220; _builder_version=&#8220;4.16&#8243; _module_preset=&#8220;default&#8220; background_color=&#8220;rgba(0,0,0,0)&#8220; collapsed=&#8220;on&#8220; global_colors_info=&#8220;{}&#8220;][et_pb_row column_structure=&#8220;1_3,1_3,1_3&#8243; admin_label=&#8220;Row: Sobe&#8220; _builder_version=&#8220;4.17.4&#8243; _module_preset=&#8220;default&#8220; collapsed=&#8220;off&#8220; global_colors_info=&#8220;{}&#8220;][et_pb_column type=&#8220;1_3&#8243; _builder_version=&#8220;4.17.4&#8243; _module_preset=&#8220;default&#8220; global_colors_info=&#8220;{}&#8220;][et_pb_blurb image=&#8220;https:\/\/2.moonsafari.design\/wp-content\/uploads\/2022\/05\/apartman-surdic-thumb.webp&#8220; alt=&#8220;Zimmer Opati\u0107 1\/2 &#8211; 3 Sterne&#8220; admin_label=&#8220;Soba Opati\u0107 1\/2&#8243; _builder_version=&#8220;4.17.4&#8243; _dynamic_attributes=&#8220;link_option_url&#8220; _module_preset=&#8220;default&#8220; link_option_url=&#8220;@ET-DC@eyJkeW5hbWljIjp0cnVlLCJjb250ZW50IjoicG9zdF9saW5rX3VybF9wYWdlIiwic2V0dGluZ3MiOnsicG9zdF9pZCI6IjIzMzAwIn19@&#8220; global_colors_info=&#8220;{}&#8220;]<a href=\"https:\/\/2.moonsafari.design\/wp-content\/uploads\/2022\/05\/3-star.svg\"><img loading=\"lazy\" decoding=\"async\" class=\"wp-image-22749 alignnone size-full\" style=\"display: block; margin-left: auto; margin-right: auto;\" src=\"https:\/\/2.moonsafari.design\/wp-content\/uploads\/2022\/05\/3-star.svg\" alt=\"Apartman 3 zvjezdice\" width=\"64\" height=\"20\" \/><\/a><\/p>\n<h3 style=\"text-align: center; padding-top: 10px;\">Zimmer Opati\u0107 1\/2<\/h3>\n<p>[\/et_pb_blurb][\/et_pb_column][et_pb_column type=&#8220;1_3&#8243; _builder_version=&#8220;4.17.4&#8243; _module_preset=&#8220;default&#8220; global_colors_info=&#8220;{}&#8220;][et_pb_blurb image=&#8220;https:\/\/2.moonsafari.design\/wp-content\/uploads\/2026\/01\/privatna-soba-mijatovic-zdenka-cres-thumbnail.webp&#8220; admin_label=&#8220;Soba Mijatovi\u0107 1\/2&#8243; _builder_version=&#8220;4.27.5&#8243; _dynamic_attributes=&#8220;link_option_url&#8220; _module_preset=&#8220;default&#8220; link_option_url=&#8220;@ET-DC@eyJkeW5hbWljIjp0cnVlLCJjb250ZW50IjoicG9zdF9saW5rX3VybF9wYWdlIiwic2V0dGluZ3MiOnsicG9zdF9pZCI6IjIzMjgyIn19@&#8220; hover_enabled=&#8220;0&#8243; global_colors_info=&#8220;{}&#8220; alt=&#8220;Privatzimmer Mijatovi\u0107 Zdenka in Cres&#8220; title_text=&#8220;Privatzimmer Mijatovi\u0107 Zdenka \u2013 Cres&#8220; sticky_enabled=&#8220;0&#8243;]<\/p>\n<p><a href=\"https:\/\/2.moonsafari.design\/wp-content\/uploads\/2022\/05\/3-star.svg\"><img loading=\"lazy\" decoding=\"async\" class=\"wp-image-22749 alignnone size-full\" style=\"display: block; margin-left: auto; margin-right: auto;\" src=\"https:\/\/2.moonsafari.design\/wp-content\/uploads\/2022\/05\/3-star.svg\" alt=\"Apartman 3 zvjezdice\" width=\"64\" height=\"20\" \/><\/a><\/p>\n<h3 style=\"text-align: center; padding-top: 10px;\">Zimmer Mijatovi\u0107 1\/2<\/h3>\n<p>[\/et_pb_blurb][\/et_pb_column][et_pb_column type=&#8220;1_3&#8243; _builder_version=&#8220;4.17.4&#8243; _module_preset=&#8220;default&#8220; global_colors_info=&#8220;{}&#8220;][\/et_pb_column][\/et_pb_row][\/et_pb_section][et_pb_section fb_built=&#8220;1&#8243; admin_label=&#8220;Section: Cjenik&#8220; _builder_version=&#8220;4.23.4&#8243; _module_preset=&#8220;afe7dc44-e1a0-49b2-88ff-bcfaf7c5d03f&#8220; collapsed=&#8220;on&#8220; global_colors_info=&#8220;{}&#8220;][et_pb_row column_structure=&#8220;2_3,1_3&#8243; _builder_version=&#8220;4.17.4&#8243; _module_preset=&#8220;default&#8220; collapsed=&#8220;off&#8220; global_colors_info=&#8220;{}&#8220;][et_pb_column type=&#8220;2_3&#8243; _builder_version=&#8220;4.17.4&#8243; _module_preset=&#8220;default&#8220; global_colors_info=&#8220;{}&#8220;][dvmd_table_maker tbl_title_text=&#8220;Preise 2026&#8243; tbl_description_text=&#8220;Preise der Privatzimmer Cres f\u00fcr individuelle G\u00e4ste (Kategorie ***)&#8220; _builder_version=&#8220;4.27.5&#8243; _module_preset=&#8220;f9099280-25ed-48c1-85b3-0468684eba05&#8243; tbl_rhead_text_letter_spacing=&#8220;0.5px&#8220; locked=&#8220;off&#8220; global_colors_info=&#8220;{%22gcid-aa085fd0-3e66-42dd-95a6-cc4a8937ce53%22:%91%22tbl_rhead_text_text_color%22,%22tbl_rhead_text_text_color%22,%22tbl_rhead_text_text_color%22%93,%22gcid-4829bd25-792c-4ddb-b3ae-3d2d22a86e0a%22:%91%22tbl_chead_cell_color%22,%22tbl_rhead_cell_color%22%93,%22gcid-64851603-9990-49e4-a3f5-ced8a9192f73%22:%91%22tbl_chead_text_text_color%22,%22tbl_chead_text_text_color%22%93}&#8220;][dvmd_table_maker_item col_content=&#8220;<br \/>\nEinbettzimmer<br \/>\nZweibettzimmer<br \/>\nDreibettzimmer&#8220; _builder_version=&#8220;4.19.4&#8243; _module_preset=&#8220;default&#8220; global_colors_info=&#8220;{}&#8220;][\/dvmd_table_maker_item][dvmd_table_maker_item col_label=&#8220;1&#8243; col_content=&#8220;01.01. &#8211; 12.05.<br \/>19.09. &#8211; 31.12.<br \/>\n39,00<br \/>\n47,00<br \/>\n57,00&#8243; _builder_version=&#8220;4.27.5&#8243; _module_preset=&#8220;default&#8220; global_colors_info=&#8220;{}&#8220;][\/dvmd_table_maker_item][dvmd_table_maker_item col_label=&#8220;2&#8243; col_content=&#8220;13.05. &#8211; 19.06.<br \/>05.09. &#8211; 18.09.<br \/>\n44,00<br \/>\n58,00<br \/>\n67,00&#8243; _builder_version=&#8220;4.27.5&#8243; _module_preset=&#8220;default&#8220; global_colors_info=&#8220;{}&#8220;][\/dvmd_table_maker_item][dvmd_table_maker_item col_label=&#8220;3&#8243; col_content=&#8220;20.06. &#8211; 24.07.<br \/>21.08. &#8211; 04.09.<br \/>\n54,00<br \/>\n64,00<br \/>\n77,00&#8243; _builder_version=&#8220;4.27.5&#8243; _module_preset=&#8220;default&#8220; global_colors_info=&#8220;{}&#8220;][\/dvmd_table_maker_item][dvmd_table_maker_item col_label=&#8220;4&#8243; col_content=&#8220;25.07. &#8211; 20.08.<br \/>\n62,00<br \/>\n74,00<br \/>\n92,00&#8243; _builder_version=&#8220;4.27.5&#8243; _module_preset=&#8220;default&#8220; global_colors_info=&#8220;{}&#8220;][\/dvmd_table_maker_item][\/dvmd_table_maker][et_pb_text _builder_version=&#8220;4.17.4&#8243; _module_preset=&#8220;default&#8220; global_colors_info=&#8220;{}&#8220;]<\/p>\n<ul>\n<li>Die angegebenen Preise sind in Euro und pro Zimmer t\u00e4glich.<\/li>\n<li>Die angegebenen Preise sind informativ und k\u00f6nnen eventuell \u00c4nderungen unterliegen.<\/li>\n<li>Ihren Aufenthalt bezahlen Sie an der Rezeption der Agentur f\u00fcr Tourismus &#8222;Turist&#8220; in Cres.<\/li>\n<li>Annahme folgender Kreditkarten: Mastercard, Visa und American Express.<\/li>\n<\/ul>\n<p>[\/et_pb_text][\/et_pb_column][et_pb_column type=&#8220;1_3&#8243; _builder_version=&#8220;4.17.4&#8243; _module_preset=&#8220;default&#8220; background_color=&#8220;gcid-540ee974-c1dd-49d6-acf0-e33f874f8b64&#8243; custom_padding=&#8220;2vh|2vw|2vh|2vw|true|true&#8220; global_colors_info=&#8220;{%22gcid-540ee974-c1dd-49d6-acf0-e33f874f8b64%22:%91%22background_color%22%93}&#8220;][et_pb_text _builder_version=&#8220;4.23.4&#8243; _module_preset=&#8220;default&#8220; global_colors_info=&#8220;{}&#8220;]<\/p>\n<p><strong><b>Im Preis inbegriffen<\/b>:<\/strong><\/p>\n<ul>\n<li>die Endreinigung<\/li>\n<li>die Kurtaxe<\/li>\n<li>die Mehrwertsteuer<\/li>\n<\/ul>\n<p><strong>Zus\u00e4tzliche Kosten:<\/strong><\/p>\n<ul>\n<li>Einmalig zu entrichtende Anmeldegeb\u00fchr pro Person: 5,00 \u20ac<\/li>\n<li>Haustiere t\u00e4glich (nur auf Anfrage): 9,00 \u20ac<\/li>\n<\/ul>\n<p><strong>Preiserh\u00f6hung:<\/strong><\/p>\n<ul>\n<li>F\u00fcr einen Aufenthalt von nur einer Nacht: 30%.<\/li>\n<\/ul>\n<p><strong>Check In \/ check Out:<\/strong><\/p>\n<ul>\n<li>Bei Ankunft: ab 16,00 Uhr<\/li>\n<li>Bei Abreise: bis 11,00 Uhr<\/li>\n<\/ul>\n<p>[\/et_pb_text][\/et_pb_column][\/et_pb_row][\/et_pb_section]<\/p>\n","protected":false},"excerpt":{"rendered":"<p>Privatzimmer Cres URLAUB IM HERZEN DER ALTSTADTBesuchen Sie die lebendige Schatzkammer der Geschichte von Cres und \u00fcbernachten Sie in einem der privaten Zimmer aus unserem Angebot. Wie die Apartments, befinden sich die Privatzimmer \u00fcberwiegend in den Stadtteilen von Cres Melin oder Grabar oder in der Altstadt. Ihre Lage macht sie besonders interessant, da sie ein [&hellip;]<\/p>\n","protected":false},"author":1,"featured_media":0,"parent":0,"menu_order":0,"comment_status":"closed","ping_status":"closed","template":"","meta":{"_et_pb_use_builder":"on","_et_pb_old_content":"","_et_gb_content_width":"","footnotes":""},"class_list":["post-24964","page","type-page","status-publish","hentry"],"_links":{"self":[{"href":"https:\/\/2.moonsafari.design\/de\/wp-json\/wp\/v2\/pages\/24964","targetHints":{"allow":["GET"]}}],"collection":[{"href":"https:\/\/2.moonsafari.design\/de\/wp-json\/wp\/v2\/pages"}],"about":[{"href":"https:\/\/2.moonsafari.design\/de\/wp-json\/wp\/v2\/types\/page"}],"author":[{"embeddable":true,"href":"https:\/\/2.moonsafari.design\/de\/wp-json\/wp\/v2\/users\/1"}],"replies":[{"embeddable":true,"href":"https:\/\/2.moonsafari.design\/de\/wp-json\/wp\/v2\/comments?post=24964"}],"version-history":[{"count":12,"href":"https:\/\/2.moonsafari.design\/de\/wp-json\/wp\/v2\/pages\/24964\/revisions"}],"predecessor-version":[{"id":26889,"href":"https:\/\/2.moonsafari.design\/de\/wp-json\/wp\/v2\/pages\/24964\/revisions\/26889"}],"wp:attachment":[{"href":"https:\/\/2.moonsafari.design\/de\/wp-json\/wp\/v2\/media?parent=24964"}],"curies":[{"name":"wp","href":"https:\/\/api.w.org\/{rel}","templated":true}]}}