{"id":25171,"date":"2022-07-03T11:01:31","date_gmt":"2022-07-03T11:01:31","guid":{"rendered":"https:\/\/ap.moonsafari.design\/la-nostra-missione\/"},"modified":"2022-07-15T13:58:47","modified_gmt":"2022-07-15T13:58:47","slug":"la-nostra-missione","status":"publish","type":"page","link":"https:\/\/2.moonsafari.design\/it\/la-nostra-missione\/","title":{"rendered":"La nostra missione"},"content":{"rendered":"<p>[et_pb_section fb_built=&#8221;1&#8243; admin_label=&#8221;Hero image&#8221; _builder_version=&#8221;4.17.4&#8243; _module_preset=&#8221;default&#8221; background_image=&#8221;https:\/\/2.moonsafari.design\/wp-content\/uploads\/2022\/07\/nasa-misija-cresanka.webp&#8221; background_position=&#8221;top_center&#8221; min_height=&#8221;400px&#8221; top_divider_color=&#8221;#e02b20&#8243; bottom_divider_style=&#8221;waves2&#8243; bottom_divider_color=&#8221;#f6f6f3&#8243; hover_enabled=&#8221;0&#8243; locked=&#8221;off&#8221; collapsed=&#8221;on&#8221; global_colors_info=&#8221;{}&#8221; theme_builder_area=&#8221;post_content&#8221; alt=&#8221;Na\u0161a misija &#8211; Cresanka&#8221; title_text=&#8221;Na\u0161a misija &#8211; Cresanka&#8221; sticky_enabled=&#8221;0&#8243;][\/et_pb_section][et_pb_section fb_built=&#8221;1&#8243; admin_label=&#8221;Na\u0161a misija&#8221; _builder_version=&#8221;4.16&#8243; _module_preset=&#8221;default&#8221; background_color=&#8221;rgba(0,0,0,0)&#8221; custom_margin=&#8221;-200px||50px||false|false&#8221; custom_padding=&#8221;0px||0px||false|false&#8221; locked=&#8221;off&#8221; collapsed=&#8221;off&#8221; global_colors_info=&#8221;{}&#8221; theme_builder_area=&#8221;post_content&#8221;][et_pb_row admin_label=&#8221;Naslov &#8221; _builder_version=&#8221;4.16&#8243; _module_preset=&#8221;default&#8221; custom_padding=&#8221;0px|4vw||4vw|false|false&#8221; hover_enabled=&#8221;0&#8243; collapsed=&#8221;off&#8221; global_colors_info=&#8221;{}&#8221; theme_builder_area=&#8221;post_content&#8221; sticky_enabled=&#8221;0&#8243;][et_pb_column type=&#8221;4_4&#8243; _builder_version=&#8221;4.16&#8243; _module_preset=&#8221;default&#8221; global_colors_info=&#8221;{}&#8221; theme_builder_area=&#8221;post_content&#8221;][et_pb_text _builder_version=&#8221;4.17.4&#8243; _module_preset=&#8221;default&#8221; text_line_height=&#8221;1.5em&#8221; header_font=&#8221;|300|||||||&#8221; header_text_align=&#8221;left&#8221; header_text_color=&#8221;#f6f6f3&#8243; header_font_size=&#8221;3.5em&#8221; header_6_font=&#8221;|||on|||||&#8221; header_6_line_height=&#8221;2em&#8221; background_layout=&#8221;dark&#8221; custom_margin=&#8221;||||false|false&#8221; hover_enabled=&#8221;0&#8243; locked=&#8221;off&#8221; global_colors_info=&#8221;{}&#8221; theme_builder_area=&#8221;post_content&#8221; sticky_enabled=&#8221;0&#8243;]<\/p>\n<h1>La nostra missione<\/h1>\n<p>[\/et_pb_text][\/et_pb_column][\/et_pb_row][et_pb_row column_structure=&#8221;2_3,1_3&#8243; use_custom_gutter=&#8221;on&#8221; gutter_width=&#8221;1&#8243; admin_label=&#8221;Opis&#8221; _builder_version=&#8221;4.17.4&#8243; _module_preset=&#8221;default&#8221; background_color=&#8221;#FFFFFF&#8221; z_index=&#8221;99&#8243; custom_margin=&#8221;||||false|false&#8221; custom_padding=&#8221;50px|50px|50px|50px|true|true&#8221; hover_enabled=&#8221;0&#8243; box_shadow_style=&#8221;preset1&#8243; box_shadow_vertical=&#8221;-25px&#8221; box_shadow_spread=&#8221;-10px&#8221; collapsed=&#8221;off&#8221; global_colors_info=&#8221;{}&#8221; theme_builder_area=&#8221;post_content&#8221; sticky_enabled=&#8221;0&#8243;][et_pb_column type=&#8221;2_3&#8243; _builder_version=&#8221;4.16&#8243; _module_preset=&#8221;default&#8221; global_colors_info=&#8221;{}&#8221; theme_builder_area=&#8221;post_content&#8221;][et_pb_text _builder_version=&#8221;4.17.4&#8243; _module_preset=&#8221;default&#8221; text_font=&#8221;|300|||||||&#8221; text_font_size=&#8221;24px&#8221; text_letter_spacing=&#8221;0.03em&#8221; text_line_height=&#8221;1.4em&#8221; hover_enabled=&#8221;0&#8243; global_colors_info=&#8221;{}&#8221; theme_builder_area=&#8221;post_content&#8221; sticky_enabled=&#8221;0&#8243;]La filosofia del gruppo CRESANKA si basa su un\u2019idea semplice, ma potente: permettervi di fuggire dalla quotidianit\u00e0 nella natura curativa che diventer\u00e0 la vostra oasi di pace, salute, benessere nonch\u00e9 il luogo in cui vivere un\u2019esperienza autoctona.[\/et_pb_text][et_pb_text _builder_version=&#8221;4.17.4&#8243; _module_preset=&#8221;default&#8221; header_3_font=&#8221;||||||||&#8221; custom_margin=&#8221;50px||15px||false|false&#8221; hover_enabled=&#8221;0&#8243; global_colors_info=&#8221;{}&#8221; theme_builder_area=&#8221;post_content&#8221; sticky_enabled=&#8221;0&#8243;]<\/p>\n<h3>UNA NUOVA DIMENSIONE DI VITA<\/h3>\n<p>[\/et_pb_text][et_pb_text _builder_version=&#8221;4.17.4&#8243; _module_preset=&#8221;default&#8221; text_letter_spacing=&#8221;0.03em&#8221; text_line_height=&#8221;2em&#8221; hover_enabled=&#8221;0&#8243; global_colors_info=&#8221;{}&#8221; theme_builder_area=&#8221;post_content&#8221; sticky_enabled=&#8221;0&#8243;]Grazie all\u2019attivazione di tutti i sensi e all\u2019immersione in un ambiente naturale e salubre siamo in grado di offrirvi un\u2019atmosfera allo stesso tempo rilassante e stimolante \u2013 l\u2019equilibrio perfetto tra la comodit\u00e0 e l\u2019occasione di vivere l\u2019isola di Cherso (Cres) in maniera autoctona. Grazie al costante lavoro, all\u2019apprendimento e ai nostri servizi innovativi miriamo a diventare la vostra oasi eco-friendly nella quale tutto \u00e8 adibito alla salvaguardia delle risorse naturali, della salute della persona e del benessere, allo scopo di risvegliare tutti i sensi umani.<\/p>\n<p>Permetteteci di farvi riscoprire, grazie ai nostri programmi, tutte le bellezze di quella fonte inesauribile di creativit\u00e0 che \u00e8 la natura che ci circonda. Vivete la rilassata prevedibilit\u00e0 del ritmo della nostra flora e fauna. Osservate ci\u00f2 che vi circonda con occhi nuovi e donate alla vostra vita una nuova dimensione stimolando i vostri sensi con un soggiorno nel cuore della natura.[\/et_pb_text][et_pb_text _builder_version=&#8221;4.17.4&#8243; _module_preset=&#8221;default&#8221; header_3_font=&#8221;||||||||&#8221; custom_margin=&#8221;50px||15px||false|false&#8221; hover_enabled=&#8221;0&#8243; global_colors_info=&#8221;{}&#8221; theme_builder_area=&#8221;post_content&#8221; sticky_enabled=&#8221;0&#8243;]<\/p>\n<h3>I NOSTRI VALORI<\/h3>\n<p>[\/et_pb_text][et_pb_text _builder_version=&#8221;4.17.4&#8243; _module_preset=&#8221;default&#8221; text_letter_spacing=&#8221;0.03em&#8221; text_line_height=&#8221;2em&#8221; hover_enabled=&#8221;0&#8243; global_colors_info=&#8221;{}&#8221; theme_builder_area=&#8221;post_content&#8221; sticky_enabled=&#8221;0&#8243;]<strong>Diversit\u00e0<\/strong> &#8211; Che cosa ci contraddistingue? Fondiamo il nostro lavoro sull\u2019eccellente qualit\u00e0, la quale si basa a sua volta sulle risorse naturali e sull\u2019integrazione di dettagli autoctoni nella vostra esperienza.<\/p>\n<p><strong>Voglia di imparare<\/strong> &#8211; I nostri dipendenti aggiornano in maniera continua e con dedizione il loro sapere e le loro conoscenze, conseguono certificazioni e in questo modo sono in grado di garantire all\u2019ospite un servizio formativo, proattivo e completo. Vogliamo essere riconosciuti come una destinazione di alta qualit\u00e0 e di riferimento in cui gli ospiti possono vivere un\u2019esperienza naturale, sana, autoctona e personalizzata.<\/p>\n<p><strong>Dedizione<\/strong> &#8211; Siamo qui per voi. La nostra filosofia abbraccia la promozione di un dialogo costruttivo e di un approccio win-win, grazie al quale vincono tutti. Nella CRESANKA D.D. tutti sono sempre a disposizione per rispondere alle vostre esigenze espresse e inespresse e alle vostre aspettative, garantendovi una genuina attenzione, dedizione nonch\u00e9 consigli esperti e personalizzati.<\/p>\n<p>Il calore, l\u2019empatia e l&#8217;approccio personalizzato caratterizzano ogni interazione umana e ciascun dipendente di CRESANKA D.D. ascolta anche quando nessuno gli si rivolge. Il nostro approccio orientato all&#8217;ospite fa s\u00ec che i nostri ospiti non siano meri consumatori dei nostri servizi. Essi ci aiutano a migliorarli.<\/p>\n<p><strong>Passione<\/strong> &#8211; CRESANKA D.D. \u00e8 una societ\u00e0 agile che \u00e8 pronta ad adattarsi a ogni momento specifico. La passione \u00e8 il carburante che ci sprona ad essere ogni giorno migliori. Apprezziamo la determinazione, l\u2019entusiasmo e il senso di urgenza. Ci sentiamo ispirati perch\u00e9 crediamo in quello che facciamo e abbiamo un\u2019attitudine positiva secondo la quale tutto \u00e8 possibile.<\/p>\n<p><strong>Lavoro di squadra<\/strong> &#8211; CRESANKA D.D. \u00e8 il luogo in cui il lavoro di squadra e un rapporto sincero sono presenti in ogni interazione umana. Vogliamo creare un ambiente che sia premuroso, tollerante, disponibile e intraprendente. I nostri dipendenti mostrano gratitudine, interesse e rispetto. Sosteniamo la diversit\u00e0 di idee, di attitudini e di interessi. Invece di concentrarci su ci\u00f2 che non \u00e8 andato bene, cerchiamo soluzioni, ascoltiamo l\u2019intelligenza collettiva e agiamo in maniera decisa e sinergica.[\/et_pb_text][et_pb_text _builder_version=&#8221;4.17.4&#8243; _module_preset=&#8221;default&#8221; header_3_font=&#8221;||||||||&#8221; custom_margin=&#8221;50px||15px||false|false&#8221; hover_enabled=&#8221;0&#8243; global_colors_info=&#8221;{}&#8221; theme_builder_area=&#8221;post_content&#8221; sticky_enabled=&#8221;0&#8243;]<\/p>\n<h3>UN TOCCO PERSONALE PER UN\u2019ESPERIENZA DAVVERO SPECIALE<\/h3>\n<p>[\/et_pb_text][et_pb_text _builder_version=&#8221;4.17.4&#8243; _module_preset=&#8221;default&#8221; text_letter_spacing=&#8221;0.03em&#8221; text_line_height=&#8221;2em&#8221; hover_enabled=&#8221;0&#8243; global_colors_info=&#8221;{}&#8221; theme_builder_area=&#8221;post_content&#8221; sticky_enabled=&#8221;0&#8243;]Ai nostri ospiti offriamo un\u2019esperienza basata sull\u2019utilizzo delle risorse naturali del luogo e sull\u2019autenticit\u00e0 del patrimonio culturale di Cherso (Cres), il tutto al fine di garantire un servizio impareggiabile, accompagnato da uno stile dal design riconoscibile, senza mai mettere in discussione la sicurezza e la comodit\u00e0 dell\u2019ospite.<\/p>\n<p>Portiamo un tocco personale in tutto ci\u00f2 che facciamo e il nostro approccio personalizzato fa sentire ogni ospite a proprio agio, accettato, riconosciuto e realizzato. Con la nostra sincerit\u00e0 e attenzione ci impegniamo a evocare in voi la sensazione di casa perch\u00e9 questo \u00e8 il nostro scopo: diventare la vostra casa e la vostra comunit\u00e0 nella quale sarete sempre felici di far ritorno. Ascoltiamo con attenzione i vostri suggerimenti, commenti e osservazioni al fine di rendere la vostra esperienza di vacanza nelle nostre strutture la pi\u00f9 personalizzata possibile, superando le vostre aspettative e assicurandoci che torniate a casa con una collezione piena di momenti indimenticabili.<\/p>\n<p>Il nostro team si spende senza riserve e a cuore aperto, ascolta attivamente i vostri bisogni e desideri, espressi o inespressi, vi semplifica la vita durante e dopo il vostro soggiorno nelle nostre strutture e alla fine vi sorprende e vi aiuta a sorprendervi.[\/et_pb_text][\/et_pb_column][et_pb_column type=&#8221;1_3&#8243; _builder_version=&#8221;4.16&#8243; _module_preset=&#8221;default&#8221; global_colors_info=&#8221;{}&#8221; theme_builder_area=&#8221;post_content&#8221;][\/et_pb_column][\/et_pb_row][\/et_pb_section]<\/p>\n","protected":false},"excerpt":{"rendered":"<p>La nostra missioneLa filosofia del gruppo CRESANKA si basa su un\u2019idea semplice, ma potente: permettervi di fuggire dalla quotidianit\u00e0 nella natura curativa che diventer\u00e0 la vostra oasi di pace, salute, benessere nonch\u00e9 il luogo in cui vivere un\u2019esperienza autoctona.UNA NUOVA DIMENSIONE DI VITAGrazie all\u2019attivazione di tutti i sensi e all\u2019immersione in un ambiente naturale e [&hellip;]<\/p>\n","protected":false},"author":1,"featured_media":0,"parent":0,"menu_order":0,"comment_status":"closed","ping_status":"closed","template":"","meta":{"_et_pb_use_builder":"on","_et_pb_old_content":"","_et_gb_content_width":"","footnotes":""},"class_list":["post-25171","page","type-page","status-publish","hentry"],"_links":{"self":[{"href":"https:\/\/2.moonsafari.design\/it\/wp-json\/wp\/v2\/pages\/25171","targetHints":{"allow":["GET"]}}],"collection":[{"href":"https:\/\/2.moonsafari.design\/it\/wp-json\/wp\/v2\/pages"}],"about":[{"href":"https:\/\/2.moonsafari.design\/it\/wp-json\/wp\/v2\/types\/page"}],"author":[{"embeddable":true,"href":"https:\/\/2.moonsafari.design\/it\/wp-json\/wp\/v2\/users\/1"}],"replies":[{"embeddable":true,"href":"https:\/\/2.moonsafari.design\/it\/wp-json\/wp\/v2\/comments?post=25171"}],"version-history":[{"count":2,"href":"https:\/\/2.moonsafari.design\/it\/wp-json\/wp\/v2\/pages\/25171\/revisions"}],"predecessor-version":[{"id":25173,"href":"https:\/\/2.moonsafari.design\/it\/wp-json\/wp\/v2\/pages\/25171\/revisions\/25173"}],"wp:attachment":[{"href":"https:\/\/2.moonsafari.design\/it\/wp-json\/wp\/v2\/media?parent=25171"}],"curies":[{"name":"wp","href":"https:\/\/api.w.org\/{rel}","templated":true}]}}