{"id":25193,"date":"2022-05-30T14:53:16","date_gmt":"2022-05-30T12:53:16","guid":{"rendered":"https:\/\/ap.moonsafari.design\/camere-private-cres\/"},"modified":"2026-01-30T10:33:56","modified_gmt":"2026-01-30T09:33:56","slug":"camere-private-cres","status":"publish","type":"page","link":"https:\/\/2.moonsafari.design\/it\/camere-private-cres\/","title":{"rendered":"Camere private Cres"},"content":{"rendered":"<p>[et_pb_section fb_built=&#8221;1&#8243; admin_label=&#8221;Section: Hero&#8221; _builder_version=&#8221;4.27.5&#8243; _module_preset=&#8221;default&#8221; background_color=&#8221;gcid-a156b819-d034-45f8-b35d-790ce8709291&#8243; background_image=&#8221;https:\/\/2.moonsafari.design\/wp-content\/uploads\/2022\/05\/Privatne-sobe-Cres.webp&#8221; background_blend=&#8221;multiply&#8221; min_height=&#8221;800px&#8221; min_height_tablet=&#8221;800px&#8221; min_height_phone=&#8221;800px&#8221; min_height_last_edited=&#8221;on|phone&#8221; height_tablet=&#8221;&#8221; height_phone=&#8221;60vh&#8221; height_last_edited=&#8221;on|phone&#8221; max_height=&#8221;800px&#8221; max_height_tablet=&#8221;800px&#8221; max_height_phone=&#8221;800px&#8221; max_height_last_edited=&#8221;on|phone&#8221; mix_blend_mode=&#8221;overlay&#8221; top_divider_color=&#8221;#e02b20&#8243; bottom_divider_style=&#8221;waves2&#8243; bottom_divider_color=&#8221;#FFFFFF&#8221; bottom_divider_style_tablet=&#8221;waves2&#8243; bottom_divider_style_phone=&#8221;wave2&#8243; bottom_divider_style_last_edited=&#8221;on|phone&#8221; bottom_divider_height_tablet=&#8221;&#8221; bottom_divider_height_phone=&#8221;50px&#8221; bottom_divider_height_last_edited=&#8221;on|phone&#8221; background_color_phone=&#8221;gcid-23665c83-1e02-4cac-a0e3-b902c4ab1b7c&#8221; background_last_edited=&#8221;on|phone&#8221; background_enable_color_phone=&#8221;on&#8221; background_image_phone=&#8221;https:\/\/2.moonsafari.design\/wp-content\/uploads\/2022\/05\/Privatne-sobe-Cres.webp&#8221; background_enable_image_phone=&#8221;on&#8221; background_blend_phone=&#8221;multiply&#8221; collapsed=&#8221;on&#8221; global_colors_info=&#8221;{%22gcid-a156b819-d034-45f8-b35d-790ce8709291%22:%91%22background_color%22%93}&#8221; background__hover_enabled=&#8221;off|hover&#8221; background_color__hover=&#8221;#000000&#8243; background_enable_color__hover=&#8221;on&#8221;][\/et_pb_section][et_pb_section fb_built=&#8221;1&#8243; admin_label=&#8221;Intro&#8221; _builder_version=&#8221;4.16&#8243; _module_preset=&#8221;default&#8221; background_color=&#8221;rgba(0,0,0,0)&#8221; custom_margin=&#8221;-350px||||false|false&#8221; custom_padding=&#8221;0px||0px||false|false&#8221; collapsed=&#8221;on&#8221; global_colors_info=&#8221;{}&#8221;][et_pb_row admin_label=&#8221;Row: Naslov&#8221; _builder_version=&#8221;4.16&#8243; _module_preset=&#8221;default&#8221; width_tablet=&#8221;&#8221; width_phone=&#8221;90%&#8221; width_last_edited=&#8221;on|phone&#8221; custom_padding=&#8221;0px|4vw||4vw|false|false&#8221; global_colors_info=&#8221;{}&#8221;][et_pb_column type=&#8221;4_4&#8243; _builder_version=&#8221;4.16&#8243; _module_preset=&#8221;default&#8221; global_colors_info=&#8221;{}&#8221;][et_pb_text admin_label=&#8221;Naslov&#8221; _builder_version=&#8221;4.17.4&#8243; _module_preset=&#8221;default&#8221; text_line_height=&#8221;1.5em&#8221; header_font=&#8221;||||||||&#8221; header_text_align=&#8221;left&#8221; header_text_color=&#8221;#f6f6f3&#8243; background_layout=&#8221;dark&#8221; custom_margin=&#8221;||||false|false&#8221; header_font_size_tablet=&#8221;91px&#8221; header_font_size_phone=&#8221;3em&#8221; header_font_size_last_edited=&#8221;on|phone&#8221; header_6_line_height_tablet=&#8221;&#8221; header_6_line_height_phone=&#8221;1.2em&#8221; header_6_line_height_last_edited=&#8221;on|phone&#8221; locked=&#8221;off&#8221; global_colors_info=&#8221;{}&#8221;]<\/p>\n<h1>Camere private Cres<\/h1>\n<h6>UNA VACANZA NEL CUORE DEL CENTRO STORICO<\/h6>\n<p>[\/et_pb_text][\/et_pb_column][\/et_pb_row][et_pb_row column_structure=&#8221;2_3,1_3&#8243; admin_label=&#8221;Row: Opis&#8221; _builder_version=&#8221;4.17.4&#8243; _module_preset=&#8221;default&#8221; background_color=&#8221;#FFFFFF&#8221; z_index=&#8221;99&#8243; width_tablet=&#8221;&#8221; width_phone=&#8221;90%&#8221; width_last_edited=&#8221;on|phone&#8221; custom_margin=&#8221;||||false|false&#8221; custom_padding=&#8221;4vw|4vw||4vw|false|false&#8221; box_shadow_style=&#8221;preset1&#8243; box_shadow_vertical=&#8221;-25px&#8221; box_shadow_spread=&#8221;-10px&#8221; global_colors_info=&#8221;{}&#8221;][et_pb_column type=&#8221;2_3&#8243; _builder_version=&#8221;4.16&#8243; _module_preset=&#8221;default&#8221; background_color=&#8221;RGBA(0,0,0,0)&#8221; global_colors_info=&#8221;{}&#8221;][et_pb_text _builder_version=&#8221;4.17.4&#8243; _module_preset=&#8221;default&#8221; text_font=&#8221;||||||||&#8221; text_letter_spacing=&#8221;0.03em&#8221; text_line_height=&#8221;1.8em&#8221; custom_margin=&#8221;||50px||false|false&#8221; locked=&#8221;off&#8221; global_colors_info=&#8221;{%22gcid-15be7f10-44fe-47d7-8b6a-63cddb76816b%22:%91%22dsm_modules_readmore_link_color%22%93}&#8221;]<\/p>\n<p>Visitate i forzieri viventi della storia di Cherso (Cres) e soggiornate in una delle camere private della nostra offerta. Al pari degli appartamenti, le camere private sono situate nei dintorni della citt\u00e0 di Cherso (a Melin o Grabar) e nel cuore del centro della citt\u00e0. La loro posizione le rende particolarmente interessanti perch\u00e9 si trovano nel luogo ideale per vivere la citt\u00e0 e l\u2019isola. Distano dal mare all\u2019incirca 200-500 m.<\/p>\n<p>Le camere private sono completamente attrezzate per la vostra comodit\u00e0, e sono arredate in maniera personalizzata in base al gusto dei proprietari della casa, abitanti autoctoni di Cherso. Le camere private con 3 stelle dispongono di bagno privato, asciugamani e lenzuola e le pulizie sono altres\u00ec comprese nel prezzo.<\/p>\n<p>[\/et_pb_text][\/et_pb_column][et_pb_column type=&#8221;1_3&#8243; _builder_version=&#8221;4.16&#8243; _module_preset=&#8221;default&#8221; global_colors_info=&#8221;{}&#8221;][et_pb_text _builder_version=&#8221;4.17.4&#8243; _module_preset=&#8221;default&#8221; header_4_font=&#8221;|||on|||||&#8221; header_4_letter_spacing=&#8221;0.5px&#8221; global_colors_info=&#8221;{}&#8221;]<\/p>\n<h4>Caratteristiche:<\/h4>\n<ul>\n<li>bagno privato<\/li>\n<li>asciugamani<\/li>\n<li>biancheria da letto<\/li>\n<\/ul>\n<p>[\/et_pb_text][\/et_pb_column][\/et_pb_row][\/et_pb_section][et_pb_section fb_built=&#8221;1&#8243; admin_label=&#8221;Section: Sobe&#8221; _builder_version=&#8221;4.16&#8243; _module_preset=&#8221;default&#8221; background_color=&#8221;rgba(0,0,0,0)&#8221; collapsed=&#8221;off&#8221; global_colors_info=&#8221;{}&#8221;][et_pb_row column_structure=&#8221;1_3,1_3,1_3&#8243; admin_label=&#8221;Row: Sobe&#8221; _builder_version=&#8221;4.17.4&#8243; _module_preset=&#8221;default&#8221; collapsed=&#8221;off&#8221; global_colors_info=&#8221;{}&#8221;][et_pb_column type=&#8221;1_3&#8243; _builder_version=&#8221;4.17.4&#8243; _module_preset=&#8221;default&#8221; global_colors_info=&#8221;{}&#8221;][et_pb_blurb image=&#8221;https:\/\/2.moonsafari.design\/wp-content\/uploads\/2022\/05\/apartman-surdic-thumb.webp&#8221; alt=&#8221;Camera Opati\u0107 &#8211; 3 stelle&#8221; admin_label=&#8221;Soba Opati\u0107 1\/2&#8243; _builder_version=&#8221;4.17.4&#8243; _dynamic_attributes=&#8221;link_option_url&#8221; _module_preset=&#8221;default&#8221; link_option_url=&#8221;@ET-DC@eyJkeW5hbWljIjp0cnVlLCJjb250ZW50IjoicG9zdF9saW5rX3VybF9wYWdlIiwic2V0dGluZ3MiOnsicG9zdF9pZCI6IjIzMzAwIn19@&#8221; global_colors_info=&#8221;{}&#8221;]<a href=\"https:\/\/2.moonsafari.design\/wp-content\/uploads\/2022\/05\/3-star.svg\"><img loading=\"lazy\" decoding=\"async\" class=\"wp-image-23480 alignnone size-full\" style=\"display: block; margin-left: auto; margin-right: auto;\" src=\"https:\/\/2.moonsafari.design\/wp-content\/uploads\/2022\/05\/3-star.svg\" alt=\"Apartman 3 zvjezdice\" width=\"64\" height=\"20\" \/><\/a><\/p>\n<h3 style=\"text-align: center; padding-top: 10px;\">Camera Opati\u0107 1\/2<\/h3>\n<p>[\/et_pb_blurb][\/et_pb_column][et_pb_column type=&#8221;1_3&#8243; _builder_version=&#8221;4.17.4&#8243; _module_preset=&#8221;default&#8221; global_colors_info=&#8221;{}&#8221;][et_pb_blurb image=&#8221;https:\/\/2.moonsafari.design\/wp-content\/uploads\/2026\/01\/privatna-soba-mijatovic-zdenka-cres-thumbnail.webp&#8221; admin_label=&#8221;Soba Mijatovi\u0107 1\/2&#8243; _builder_version=&#8221;4.27.5&#8243; _dynamic_attributes=&#8221;link_option_url&#8221; _module_preset=&#8221;default&#8221; link_option_url=&#8221;@ET-DC@eyJkeW5hbWljIjp0cnVlLCJjb250ZW50IjoicG9zdF9saW5rX3VybF9wYWdlIiwic2V0dGluZ3MiOnsicG9zdF9pZCI6IjI2ODY1In19@&#8221; hover_enabled=&#8221;0&#8243; global_colors_info=&#8221;{}&#8221; alt=&#8221;Camera privata Mijatovi\u0107 Zdenka a Cres&#8221; title_text=&#8221;Camera privata Mijatovi\u0107 Zdenka \u2013 Cres&#8221; sticky_enabled=&#8221;0&#8243;]<\/p>\n<p><a href=\"https:\/\/2.moonsafari.design\/wp-content\/uploads\/2022\/05\/3-star.svg\"><img loading=\"lazy\" decoding=\"async\" class=\"wp-image-23480 alignnone size-full\" style=\"display: block; margin-left: auto; margin-right: auto;\" src=\"https:\/\/2.moonsafari.design\/wp-content\/uploads\/2022\/05\/3-star.svg\" alt=\"Apartman 3 zvjezdice\" width=\"64\" height=\"20\" \/><\/a><\/p>\n<h3 style=\"text-align: center; padding-top: 10px;\">Camera Mijatovi\u0107 1\/2<\/h3>\n<p>[\/et_pb_blurb][\/et_pb_column][et_pb_column type=&#8221;1_3&#8243; _builder_version=&#8221;4.17.4&#8243; _module_preset=&#8221;default&#8221; global_colors_info=&#8221;{}&#8221;][\/et_pb_column][\/et_pb_row][\/et_pb_section][et_pb_section fb_built=&#8221;1&#8243; admin_label=&#8221;Section: Cjenik&#8221; _builder_version=&#8221;4.23.4&#8243; _module_preset=&#8221;afe7dc44-e1a0-49b2-88ff-bcfaf7c5d03f&#8221; collapsed=&#8221;off&#8221; global_colors_info=&#8221;{}&#8221;][et_pb_row column_structure=&#8221;2_3,1_3&#8243; _builder_version=&#8221;4.17.4&#8243; _module_preset=&#8221;default&#8221; global_colors_info=&#8221;{}&#8221;][et_pb_column type=&#8221;2_3&#8243; _builder_version=&#8221;4.17.4&#8243; _module_preset=&#8221;default&#8221; global_colors_info=&#8221;{}&#8221;][dvmd_table_maker tbl_title_text=&#8221;Prezzi 2026&#8243; tbl_description_text=&#8221;Camere private Cres &#8211; prezzi individuali (categoria ***)&#8221; _builder_version=&#8221;4.27.5&#8243; _module_preset=&#8221;f9099280-25ed-48c1-85b3-0468684eba05&#8243; tbl_rhead_text_letter_spacing=&#8221;0.5px&#8221; tbl_rhead_text_line_height=&#8221;1.2em&#8221; locked=&#8221;off&#8221; global_colors_info=&#8221;{%22gcid-aa085fd0-3e66-42dd-95a6-cc4a8937ce53%22:%91%22tbl_rhead_text_text_color%22,%22tbl_rhead_text_text_color%22,%22tbl_rhead_text_text_color%22%93,%22gcid-4829bd25-792c-4ddb-b3ae-3d2d22a86e0a%22:%91%22tbl_chead_cell_color%22,%22tbl_rhead_cell_color%22%93,%22gcid-64851603-9990-49e4-a3f5-ced8a9192f73%22:%91%22tbl_chead_text_text_color%22,%22tbl_chead_text_text_color%22%93}&#8221;][dvmd_table_maker_item col_content=&#8221;<br \/>\ncamera singola<br \/>\ncamera doppia<br \/>\nCamera tripla&#8221; _builder_version=&#8221;4.27.5&#8243; _module_preset=&#8221;default&#8221; global_colors_info=&#8221;{}&#8221;][\/dvmd_table_maker_item][dvmd_table_maker_item col_label=&#8221;1&#8243; col_content=&#8221;01.01. &#8211; 12.05.<br \/>19.09. &#8211; 31.12.<br \/>\n39,00<br \/>\n47,00<br \/>\n57,00&#8243; _builder_version=&#8221;4.27.5&#8243; _module_preset=&#8221;default&#8221; global_colors_info=&#8221;{}&#8221;][\/dvmd_table_maker_item][dvmd_table_maker_item col_label=&#8221;2&#8243; col_content=&#8221;13.05. &#8211; 19.06.<br \/>05.09. &#8211; 18.09.<br \/>\n44,00<br \/>\n58,00<br \/>\n67,00&#8243; _builder_version=&#8221;4.27.5&#8243; _module_preset=&#8221;default&#8221; global_colors_info=&#8221;{}&#8221;][\/dvmd_table_maker_item][dvmd_table_maker_item col_label=&#8221;3&#8243; col_content=&#8221;20.06. &#8211; 24.07.<br \/>21.08. &#8211; 04.09.<br \/>\n54,00<br \/>\n64,00<br \/>\n77,00&#8243; _builder_version=&#8221;4.27.5&#8243; _module_preset=&#8221;default&#8221; global_colors_info=&#8221;{}&#8221;][\/dvmd_table_maker_item][dvmd_table_maker_item col_label=&#8221;4&#8243; col_content=&#8221;25.07. &#8211; 20.08.<br \/>\n62,00<br \/>\n74,00<br \/>\n92,00&#8243; _builder_version=&#8221;4.27.5&#8243; _module_preset=&#8221;default&#8221; global_colors_info=&#8221;{}&#8221;][\/dvmd_table_maker_item][\/dvmd_table_maker][et_pb_text _builder_version=&#8221;4.17.4&#8243; _module_preset=&#8221;default&#8221; global_colors_info=&#8221;{}&#8221;]<\/p>\n<ul>\n<li>I prezzi sono per la stanza al giorno e in Euro.<\/li>\n<li>I prezzi hanno carattere informativo e possono eventualmente essere modificati.<\/li>\n<li>Il pagamento del Vostro soggiorno avviene nella reception dell&#8217;agenzia turistica &#8220;Turist&#8221; a Cres.<\/li>\n<li>Carte di credito accettate : Mastercard, Visa e American Express.<\/li>\n<\/ul>\n<p>[\/et_pb_text][\/et_pb_column][et_pb_column type=&#8221;1_3&#8243; _builder_version=&#8221;4.17.4&#8243; _module_preset=&#8221;default&#8221; background_color=&#8221;gcid-540ee974-c1dd-49d6-acf0-e33f874f8b64&#8243; custom_padding=&#8221;2vh|2vw|2vh|2vw|true|true&#8221; global_colors_info=&#8221;{%22gcid-540ee974-c1dd-49d6-acf0-e33f874f8b64%22:%91%22background_color%22%93}&#8221;][et_pb_text _builder_version=&#8221;4.27.4&#8243; _module_preset=&#8221;default&#8221; global_colors_info=&#8221;{}&#8221;]<\/p>\n<p><strong>Nel prezzo \u00e8 inclusa:<\/strong><\/p>\n<ul>\n<li>la pulizia finale<\/li>\n<li>la tassa turistica<\/li>\n<li>I.V.A.<\/li>\n<\/ul>\n<p><strong>Supplemento:<\/strong><\/p>\n<ul>\n<li>Registrazione per persona &#8211; soltanto il primo giorno: 5,00 \u20ac<\/li>\n<li>Animali domestici &#8211; al giorno (a richiesta): 9,00 \u20ac<\/li>\n<\/ul>\n<p><strong>Aumenti:<\/strong><\/p>\n<ul>\n<li>Per un soggiorno di solo una notte: 30%.<\/li>\n<\/ul>\n<p><strong>Arrivo \/ Partenza:<\/strong><\/p>\n<ul>\n<li>Arrivo: dalle ore 16,00<\/li>\n<li>Partenza: fino alle ore 11,00<\/li>\n<\/ul>\n<p>[\/et_pb_text][\/et_pb_column][\/et_pb_row][\/et_pb_section]<\/p>\n","protected":false},"excerpt":{"rendered":"<p>Camere private Cres UNA VACANZA NEL CUORE DEL CENTRO STORICOVisitate i forzieri viventi della storia di Cherso (Cres) e soggiornate in una delle camere private della nostra offerta. Al pari degli appartamenti, le camere private sono situate nei dintorni della citt\u00e0 di Cherso (a Melin o Grabar) e nel cuore del centro della citt\u00e0. La [&hellip;]<\/p>\n","protected":false},"author":1,"featured_media":0,"parent":0,"menu_order":0,"comment_status":"closed","ping_status":"closed","template":"","meta":{"_et_pb_use_builder":"on","_et_pb_old_content":"","_et_gb_content_width":"","footnotes":""},"class_list":["post-25193","page","type-page","status-publish","hentry"],"_links":{"self":[{"href":"https:\/\/2.moonsafari.design\/it\/wp-json\/wp\/v2\/pages\/25193","targetHints":{"allow":["GET"]}}],"collection":[{"href":"https:\/\/2.moonsafari.design\/it\/wp-json\/wp\/v2\/pages"}],"about":[{"href":"https:\/\/2.moonsafari.design\/it\/wp-json\/wp\/v2\/types\/page"}],"author":[{"embeddable":true,"href":"https:\/\/2.moonsafari.design\/it\/wp-json\/wp\/v2\/users\/1"}],"replies":[{"embeddable":true,"href":"https:\/\/2.moonsafari.design\/it\/wp-json\/wp\/v2\/comments?post=25193"}],"version-history":[{"count":25,"href":"https:\/\/2.moonsafari.design\/it\/wp-json\/wp\/v2\/pages\/25193\/revisions"}],"predecessor-version":[{"id":26892,"href":"https:\/\/2.moonsafari.design\/it\/wp-json\/wp\/v2\/pages\/25193\/revisions\/26892"}],"wp:attachment":[{"href":"https:\/\/2.moonsafari.design\/it\/wp-json\/wp\/v2\/media?parent=25193"}],"curies":[{"name":"wp","href":"https:\/\/api.w.org\/{rel}","templated":true}]}}