{"id":25393,"date":"2022-05-30T14:56:04","date_gmt":"2022-05-30T14:56:04","guid":{"rendered":"https:\/\/ap.moonsafari.design\/stik\/"},"modified":"2025-07-01T08:12:03","modified_gmt":"2025-07-01T08:12:03","slug":"stik","status":"publish","type":"page","link":"https:\/\/2.moonsafari.design\/sl\/stik\/","title":{"rendered":"Stik"},"content":{"rendered":"<p>[et_pb_section fb_built=&#8221;1&#8243; custom_padding_last_edited=&#8221;on|phone&#8221; admin_label=&#8221;Hero image&#8221; _builder_version=&#8221;4.17.4&#8243; _module_preset=&#8221;default&#8221; background_image=&#8221;https:\/\/2.moonsafari.design\/wp-content\/uploads\/2022\/06\/kontakt-apartmani-cres.webp&#8221; min_height=&#8221;800px&#8221; min_height_tablet=&#8221;800px&#8221; min_height_phone=&#8221;&#8221; min_height_last_edited=&#8221;on|phone&#8221; height_tablet=&#8221;&#8221; height_phone=&#8221;60vh&#8221; height_last_edited=&#8221;on|phone&#8221; max_height=&#8221;800px&#8221; max_height_tablet=&#8221;800px&#8221; max_height_phone=&#8221;800px&#8221; max_height_last_edited=&#8221;on|phone&#8221; custom_margin_tablet=&#8221;&#8221; custom_margin_phone=&#8221;0px||||false|false&#8221; custom_margin_last_edited=&#8221;on|phone&#8221; custom_padding_tablet=&#8221;&#8221; custom_padding_phone=&#8221;0px||||false|false&#8221; top_divider_color=&#8221;#e02b20&#8243; bottom_divider_style=&#8221;waves2&#8243; bottom_divider_color=&#8221;#FFFFFF&#8221; bottom_divider_style_tablet=&#8221;waves2&#8243; bottom_divider_style_phone=&#8221;wave2&#8243; bottom_divider_style_last_edited=&#8221;on|phone&#8221; bottom_divider_height_tablet=&#8221;&#8221; bottom_divider_height_phone=&#8221;50px&#8221; bottom_divider_height_last_edited=&#8221;on|phone&#8221; background_color_phone=&#8221;gcid-a9511966-101c-4d78-b4a2-c25f15ae452d&#8221; background_last_edited=&#8221;on|phone&#8221; background_enable_color_phone=&#8221;on&#8221; background_image_phone=&#8221;https:\/\/2.moonsafari.design\/wp-content\/uploads\/2022\/06\/kontakt-apartmani-cres.webp&#8221; background_enable_image_phone=&#8221;on&#8221; background_size_phone=&#8221;cover&#8221; background_blend_phone=&#8221;multiply&#8221; collapsed=&#8221;on&#8221; global_colors_info=&#8221;{%22gcid-a9511966-101c-4d78-b4a2-c25f15ae452d%22:%91%22background_color%22%93}&#8221;][\/et_pb_section][et_pb_section fb_built=&#8221;1&#8243; admin_label=&#8221;Apartmani Cres&#8221; _builder_version=&#8221;4.16&#8243; _module_preset=&#8221;default&#8221; background_color=&#8221;rgba(0,0,0,0)&#8221; custom_margin=&#8221;-300px||50px||false|false&#8221; custom_margin_tablet=&#8221;-300px||50px||false|false&#8221; custom_margin_phone=&#8221;-200px||||false|false&#8221; custom_margin_last_edited=&#8221;on|phone&#8221; custom_padding=&#8221;0px||0px||false|false&#8221; collapsed=&#8221;on&#8221; global_colors_info=&#8221;{}&#8221;][et_pb_row custom_padding_last_edited=&#8221;on|phone&#8221; admin_label=&#8221;Naslov &#8221; _builder_version=&#8221;4.16&#8243; _module_preset=&#8221;default&#8221; width_tablet=&#8221;&#8221; width_phone=&#8221;90%&#8221; width_last_edited=&#8221;on|phone&#8221; custom_padding=&#8221;0px|4vw||4vw|false|false&#8221; custom_padding_tablet=&#8221;0px|4vw||4vw|false|false&#8221; custom_padding_phone=&#8221;||0px||false|false&#8221; collapsed=&#8221;on&#8221; global_colors_info=&#8221;{}&#8221;][et_pb_column type=&#8221;4_4&#8243; _builder_version=&#8221;4.16&#8243; _module_preset=&#8221;default&#8221; global_colors_info=&#8221;{}&#8221;][et_pb_text _builder_version=&#8221;4.16&#8243; _module_preset=&#8221;default&#8221; text_line_height=&#8221;1.5em&#8221; header_font=&#8221;|300|||||||&#8221; header_text_align=&#8221;left&#8221; header_text_color=&#8221;#f6f6f3&#8243; header_font_size=&#8221;91px&#8221; header_6_font=&#8221;|||on|||||&#8221; header_6_line_height=&#8221;2em&#8221; background_layout=&#8221;dark&#8221; custom_margin=&#8221;||||false|false&#8221; header_font_size_tablet=&#8221;91px&#8221; header_font_size_phone=&#8221;3.5em&#8221; header_font_size_last_edited=&#8221;on|phone&#8221; header_letter_spacing_tablet=&#8221;&#8221; header_letter_spacing_phone=&#8221;-1px&#8221; header_letter_spacing_last_edited=&#8221;on|phone&#8221; locked=&#8221;off&#8221; global_colors_info=&#8221;{}&#8221;]<\/p>\n<h1>Obrnite se na nas<\/h1>\n<p>[\/et_pb_text][\/et_pb_column][\/et_pb_row][et_pb_row column_structure=&#8221;2_3,1_3&#8243; use_custom_gutter=&#8221;on&#8221; gutter_width=&#8221;4&#8243; admin_label=&#8221;Row: Kontakt obrazac&#8221; _builder_version=&#8221;4.17.4&#8243; _module_preset=&#8221;default&#8221; background_color=&#8221;#FFFFFF&#8221; z_index=&#8221;99&#8243; width_tablet=&#8221;&#8221; width_phone=&#8221;90%&#8221; width_last_edited=&#8221;on|phone&#8221; custom_margin=&#8221;||||false|false&#8221; custom_padding=&#8221;3vw|4vw||4vw|false|false&#8221; box_shadow_style=&#8221;preset1&#8243; box_shadow_vertical=&#8221;-25px&#8221; box_shadow_spread=&#8221;-10px&#8221; collapsed=&#8221;on&#8221; global_colors_info=&#8221;{}&#8221;][et_pb_column type=&#8221;2_3&#8243; _builder_version=&#8221;4.16&#8243; _module_preset=&#8221;default&#8221; global_colors_info=&#8221;{}&#8221;][et_pb_text _builder_version=&#8221;4.16&#8243; _module_preset=&#8221;default&#8221; text_letter_spacing=&#8221;0.03em&#8221; global_colors_info=&#8221;{}&#8221;]<\/p>\n<p>Izpolnite obrazec za stik ali pa se na nas obrnite neposredno in na va\u0161e sporo\u010dilo vam bomo odgovorili, takoj ko bo mogo\u010de.<\/p>\n<p>[\/et_pb_text][dsm_contact_form_7 cf7_library=&#8221;22816&#8243; show_validation=&#8221;on&#8221; label_bottom_spacing=&#8221;0px&#8221; input_background_color=&#8221;gcid-e5794c43-b195-43c1-8d55-8241cced26a0&#8243; _builder_version=&#8221;4.17.4&#8243; _module_preset=&#8221;default&#8221; input_textarea_select_text_color=&#8221;gcid-aa085fd0-3e66-42dd-95a6-cc4a8937ce53&#8243; input_textarea_select_font_size=&#8221;16px&#8221; input_textarea_select_letter_spacing=&#8221;0.03em&#8221; placeholder_font=&#8221;|700||on|||||&#8221; placeholder_text_color=&#8221;gcid-fb84591a-f239-43db-ac18-680303fbf8ad&#8221; placeholder_font_size=&#8221;12px&#8221; placeholder_letter_spacing=&#8221;0.4px&#8221; custom_button_one=&#8221;on&#8221; button_one_text_color=&#8221;#FFFFFF&#8221; button_one_bg_color=&#8221;gcid-fb84591a-f239-43db-ac18-680303fbf8ad&#8221; button_one_border_color=&#8221;gcid-fb84591a-f239-43db-ac18-680303fbf8ad&#8221; button_one_icon=&#8221;&#xf1d8;||fa||400&#8243; button_one_icon_placement=&#8221;left&#8221; hover_enabled=&#8221;1&#8243; border_radii_image=&#8221;on|6px|6px|6px|6px&#8221; global_colors_info=&#8221;{%22gcid-e5794c43-b195-43c1-8d55-8241cced26a0%22:%91%22input_background_color%22%93,%22gcid-aa085fd0-3e66-42dd-95a6-cc4a8937ce53%22:%91%22input_textarea_select_text_color%22,%22button_one_text_color__hover%22%93,%22gcid-fb84591a-f239-43db-ac18-680303fbf8ad%22:%91%22placeholder_text_color%22,%22button_one_bg_color%22,%22button_one_border_color%22%93,%22gcid-2d362682-1f6a-4d81-b2d9-c58a072c9f05%22:%91%22button_one_bg_color__hover%22,%22button_one_border_color__hover%22%93}&#8221; button_one_text_color__hover=&#8221;#000000&#8243; button_one_text_color__hover_enabled=&#8221;on|hover&#8221; button_one_bg_color__hover=&#8221;#bed54a&#8221; button_one_bg_color__hover_enabled=&#8221;on|hover&#8221; button_one_border_width__hover_enabled=&#8221;on|hover&#8221; button_one_bg_enable_color__hover=&#8221;on&#8221; button_one_border_color__hover_enabled=&#8221;on|hover&#8221; button_one_border_color__hover=&#8221;#bed54a&#8221;][\/dsm_contact_form_7][\/et_pb_column][et_pb_column type=&#8221;1_3&#8243; _builder_version=&#8221;4.16&#8243; _module_preset=&#8221;default&#8221; global_colors_info=&#8221;{}&#8221;][et_pb_image src=&#8221;https:\/\/2.moonsafari.design\/wp-content\/uploads\/2022\/05\/Apartmani_Cres_Cresanka.svg&#8221; alt=&#8221;Apartmani Cres, Cresanka&#8221; title_text=&#8221;Apartmani Cres, Cresanka&#8221; _builder_version=&#8221;4.17.4&#8243; _module_preset=&#8221;default&#8221; module_alignment=&#8221;left&#8221; height=&#8221;100px&#8221; custom_margin_tablet=&#8221;&#8221; custom_margin_phone=&#8221;25px||||false|false&#8221; custom_margin_last_edited=&#8221;on|phone&#8221; global_colors_info=&#8221;{}&#8221;][\/et_pb_image][et_pb_text content_tablet=&#8221;<\/p>\n<h6><span style=%22color: #999999;%22>ADRESA<\/span><\/h6>\n<p>Cons 11 <br \/>HR-51557 Cres, Hrva\u0161ka<\/p>\n<h6><span style=%22color: #999999;%22>TELEFON<\/span><\/h6>\n<p>+385 51 571 133<\/p>\n<h6><span style=%22color: #999999;%22>FAX<\/span><\/h6>\n<p>+385 51 571 080<\/p>\n<h6><span style=%22color: #999999;%22>EMAIL<\/span><\/h6>\n<p><a href=%22mailto:bookingcres@2.moonsafari.design%22>bookingcres@2.moonsafari.design<\/a><\/p>\n<h6><span style=%22color: #999999;%22>WEB<\/span><\/h6>\n<p><a href=%22https:\/\/2.moonsafari.design\/sl\/%22 data-et-target-link=%22_blank%22 rel=%22noopener%22>www.tbcres.com<\/a><\/p>\n<p>&#8221; content_phone=&#8221;<\/p>\n<h6><span style=%22color: #999999;%22>ADRESA<\/span><\/h6>\n<p>Cons 11 <br \/>HR-51557 Cres, Hrva\u0161ka<\/p>\n<h6><span style=%22color: #999999;%22>TELEFON<\/span><\/h6>\n<p>+385 51 571 133<\/p>\n<h6><span style=%22color: #999999;%22>FAX<\/span><\/h6>\n<p>+385 51 571 080<\/p>\n<h6><span style=%22color: #999999;%22>EMAIL<\/span><\/h6>\n<p><a href=%22mailto:bookingcres@2.moonsafari.design%22>bookingcres@2.moonsafari.design<\/a><\/p>\n<h6><span style=%22color: #999999;%22>WEB<\/span><\/h6>\n<p><a href=%22https:\/\/2.moonsafari.design\/sl\/%22 data-et-target-link=%22_blank%22 rel=%22noopener%22>www.tbcres.com<\/a><\/p>\n<p>&#8221; content_last_edited=&#8221;on|phone&#8221; _builder_version=&#8221;4.27.4&#8243; _module_preset=&#8221;default&#8221; text_letter_spacing=&#8221;0.05px&#8221; header_6_line_height=&#8221;0em&#8221; custom_padding=&#8221;0px||0px|35px|false|false&#8221; global_colors_info=&#8221;{}&#8221;]<\/p>\n<h6><span style=\"color: #999999;\"> NASLOV <\/span><\/h6>\n<p><\/p>\n<p>Cons 11\u200b<br \/>HR-51557 Cres, Hrva\u0161ka<\/p>\n<p><\/p>\n<h6><span style=\"color: #999999;\">TELEFON<\/span><\/h6>\n<p><\/p>\n<p>+385 51 571 133<\/p>\n<p><\/p>\n<h6><span style=\"color: #999999;\">FAX<\/span><\/h6>\n<p><\/p>\n<p>+385 51 571 080<\/p>\n<p><\/p>\n<h6><span style=\"color: #999999;\">EMAIL<\/span><\/h6>\n<p><\/p>\n<p><a href=\"mailto:bookingcres@2.moonsafari.design\">bookingcres@2.moonsafari.design<\/a><\/p>\n<p><\/p>\n<h6><span style=\"color: #999999;\">WEB<\/span><\/h6>\n<p><\/p>\n<p><a href=\"https:\/\/2.moonsafari.design\/sl\/\" target=\"_blank\" rel=\"noopener\">www.tbcres.com<\/a><\/p>\n<p>[\/et_pb_text][\/et_pb_column][\/et_pb_row][et_pb_row column_structure=&#8221;1_4,1_4,1_4,1_4&#8243; use_custom_gutter=&#8221;on&#8221; gutter_width=&#8221;2&#8243; make_equal=&#8221;on&#8221; admin_label=&#8221;Row: Adrese&#8221; _builder_version=&#8221;4.17.4&#8243; _module_preset=&#8221;default&#8221; width=&#8221;100%&#8221; width_tablet=&#8221;&#8221; width_phone=&#8221;90%&#8221; width_last_edited=&#8221;on|phone&#8221; module_alignment=&#8221;center&#8221; global_colors_info=&#8221;{}&#8221; collapsed=&#8221;on&#8221;][et_pb_column type=&#8221;1_4&#8243; admin_label=&#8221;Column: Cresanka&#8221; _builder_version=&#8221;4.16&#8243; _module_preset=&#8221;default&#8221; global_colors_info=&#8221;{}&#8221;][et_pb_text _builder_version=&#8221;4.17.4&#8243; _module_preset=&#8221;default&#8221; header_6_text_color=&#8221;#b3b3b3&#8243; header_6_line_height=&#8221;0em&#8221; global_colors_info=&#8221;{}&#8221;]<\/p>\n<p><strong>CRESANKA<\/strong><\/p>\n<p><\/p>\n<h6>NASLOV<\/h6>\n<p><\/p>\n<p>Varozina 25<br \/>51557 Cres, Hrva\u0161ka<\/p>\n<p><\/p>\n<h6>TELEFON<\/h6>\n<p><\/p>\n<p>+385 51 750 600<\/p>\n<p><\/p>\n<h6>FAX<\/h6>\n<p><\/p>\n<p>+385 51 571 163<\/p>\n<p><\/p>\n<h6>EMAIL<\/h6>\n<p><\/p>\n<p><a href=\"mailto:cresanka@ri.t-com.hr\">cresanka@ri.t-com.hr<\/a><\/p>\n<p><\/p>\n<h6>WEB<\/h6>\n<p><\/p>\n<p>www.cresanka.hr<\/p>\n<p>[\/et_pb_text][\/et_pb_column][et_pb_column type=&#8221;1_4&#8243; admin_label=&#8221;Column: &#8221; _builder_version=&#8221;4.16&#8243; _module_preset=&#8221;default&#8221; global_colors_info=&#8221;{}&#8221;][et_pb_text _builder_version=&#8221;4.27.4&#8243; _module_preset=&#8221;default&#8221; header_line_height=&#8221;0em&#8221; header_6_text_color=&#8221;#b3b3b3&#8243; header_6_line_height=&#8221;0em&#8221; hover_enabled=&#8221;0&#8243; global_colors_info=&#8221;{}&#8221; sticky_enabled=&#8221;0&#8243;]<\/p>\n<p><strong>HOTEL KIMEN<\/strong><\/p>\n<p><\/p>\n<h6>NASLOV<\/h6>\n<p><\/p>\n<p>Ulica Mate Solisa 5<br \/>51557 Cres, Hrva\u0161ka<\/p>\n<p><\/p>\n<h6>TELEFON<\/h6>\n<p><\/p>\n<p>+385 51 573 305<\/p>\n<p><\/p>\n<h6>FAX<\/h6>\n<p><\/p>\n<p>+385 51 573 002<\/p>\n<p><\/p>\n<h6>EMAIL<\/h6>\n<p><\/p>\n<p><a href=\"mailto:hotelkimen@hotelkimen.com\">hotelkimen@hotelkimen.com<\/a><\/p>\n<p><\/p>\n<h6>WEB<\/h6>\n<p><\/p>\n<p>www.hotel-kimen.com<\/p>\n<p>[\/et_pb_text][\/et_pb_column][et_pb_column type=&#8221;1_4&#8243; admin_label=&#8221;Column: Apartmani Cres&#8221; _builder_version=&#8221;4.16&#8243; _module_preset=&#8221;default&#8221; global_colors_info=&#8221;{}&#8221;][et_pb_text _builder_version=&#8221;4.27.4&#8243; _module_preset=&#8221;default&#8221; header_6_text_color=&#8221;#b3b3b3&#8243; header_6_line_height=&#8221;0em&#8221; hover_enabled=&#8221;0&#8243; global_colors_info=&#8221;{}&#8221; sticky_enabled=&#8221;0&#8243;]<\/p>\n<p><strong>KAMP KOVA\u010cINE<\/strong><\/p>\n<p><\/p>\n<h6>NASLOV<\/h6>\n<p><\/p>\n<p>Ulica Mate Solisa 15<br \/>51557 Cres, Hrva\u0161ka<\/p>\n<p><\/p>\n<h6>TELEFON<\/h6>\n<p><\/p>\n<p>+385 51 573 150 \/prodaja<br \/>+385 51 571 423 \/recepcija<\/p>\n<p><\/p>\n<h6>FAX<\/h6>\n<p><\/p>\n<p>+385 51 571 086<\/p>\n<p><\/p>\n<h6>EMAIL<\/h6>\n<p><\/p>\n<p><a href=\"mailto:campkovacine@kovacine.com\">campkovacine@kovacine.com<\/a><\/p>\n<p><\/p>\n<h6>WEB<\/h6>\n<p><\/p>\n<p><a href=\"http:\/\/www.camp-kovacine.com\">www.camp-kovacine.com<\/a><\/p>\n<p>[\/et_pb_text][\/et_pb_column][et_pb_column type=&#8221;1_4&#8243; admin_label=&#8221;Column: Kamp Zdovica&#8221; _builder_version=&#8221;4.16&#8243; _module_preset=&#8221;default&#8221; global_colors_info=&#8221;{}&#8221;][et_pb_text content_tablet=&#8221;<\/p>\n<p><strong>KAMP ZDOVICA<\/strong><\/p>\n<p><\/p>\n<h6>NASLOV<\/h6>\n<p><\/p>\n<p>Valun bb<br \/>51557 Cres, Hrva\u0161ka<\/p>\n<p><\/p>\n<h6>TELEFON<\/h6>\n<p><\/p>\n<p>+385 51 573 150 \/prodaja<br \/>+385 51 525 050 \/recepcija<\/p>\n<p><\/p>\n<h6>FAX<\/h6>\n<p><\/p>\n<p>+385 51 571 086<\/p>\n<p><\/p>\n<h6>EMAIL<\/h6>\n<p><\/p>\n<p><a href=%22mailto:campzdovica@zdovica.com%22>campzdovica@zdovica.com<\/a><\/p>\n<p><\/p>\n<h6>WEB<\/h6>\n<p><\/p>\n<p>www.camp-zdovica.com<\/p>\n<p>&#8221; content_phone=&#8221;<\/p>\n<p><strong>KAMP ZDOVICA<\/strong><\/p>\n<p><\/p>\n<h6>NASLOV<\/h6>\n<p><\/p>\n<p>Valun bb<br \/>51557 Cres, Hrva\u0161ka<\/p>\n<p><\/p>\n<h6>TELEFON<\/h6>\n<p><\/p>\n<p>+385 51 573 150 \/prodaja<br \/>+385 51 525 050 \/recepcija<\/p>\n<p><\/p>\n<h6>FAX<\/h6>\n<p><\/p>\n<p>+385 51 571 086<\/p>\n<p><\/p>\n<h6>EMAIL<\/h6>\n<p><\/p>\n<p><a href=%22mailto:campzdovica@zdovica.com%22>campzdovica@zdovica.com<\/a><\/p>\n<p><\/p>\n<h6>WEB<\/h6>\n<p><\/p>\n<p>www.camp-zdovica.com<\/p>\n<p>&#8221; content_last_edited=&#8221;on|desktop&#8221; _builder_version=&#8221;4.27.4&#8243; _module_preset=&#8221;default&#8221; header_6_text_color=&#8221;#b3b3b3&#8243; header_6_line_height=&#8221;0em&#8221; global_colors_info=&#8221;{}&#8221;]<\/p>\n<p><strong>KAMP ZDOVICA<\/strong><\/p>\n<p><\/p>\n<h6>NASLOV<\/h6>\n<p><\/p>\n<p>Valun bb<br \/>51557 Cres, Hrva\u0161ka<\/p>\n<p><\/p>\n<h6>TELEFON<\/h6>\n<p><\/p>\n<p>+385 51 573 150 \/prodaja<br \/>+385 51 525 050 \/recepcija<\/p>\n<p><\/p>\n<h6>FAX<\/h6>\n<p><\/p>\n<p>+385 51 571 086<\/p>\n<p><\/p>\n<h6>EMAIL<\/h6>\n<p><\/p>\n<p><a href=\"mailto:campzdovica@zdovica.com\">campzdovica@zdovica.com<\/a><\/p>\n<p><\/p>\n<h6>WEB<\/h6>\n<p><\/p>\n<p>www.camp-zdovica.com<\/p>\n<p>[\/et_pb_text][\/et_pb_column][\/et_pb_row][\/et_pb_section]<\/p>\n","protected":false},"excerpt":{"rendered":"<p>Obrnite se na nasIzpolnite obrazec za stik ali pa se na nas obrnite neposredno in na va\u0161e sporo\u010dilo vam bomo odgovorili, takoj ko bo mogo\u010de.<div class=\"et_pb_module dsm_contact_form_7 dsm_contact_form_7_0\">\n\t\t\t\t\n\t\t\t\t\n\t\t\t\t\n\t\t\t\t\n\t\t\t\t\n\t\t\t\t\n\t\t\t\t<div class=\"et_pb_module_inner\">\n\t\t\t\t\t<div class=\"dsm_contact_form_7_btn_icon\" data-dsm-btn-icon=\"&#xf1d8;\">\n\t\t\t\t\n<div class=\"wpcf7 no-js\" id=\"wpcf7-f25437-o1\" lang=\"sl-SI\" dir=\"ltr\" data-wpcf7-id=\"25437\">\n<div class=\"screen-reader-response\"><p role=\"status\" aria-live=\"polite\" aria-atomic=\"true\"><\/p> <ul><\/ul><\/div>\n<form action=\"\/sl\/wp-json\/wp\/v2\/pages\/25393#wpcf7-f25437-o1\" method=\"post\" class=\"wpcf7-form init\" aria-label=\"Contact form\" novalidate=\"novalidate\" data-status=\"init\">\n<fieldset class=\"hidden-fields-container\"><input type=\"hidden\" name=\"_wpcf7\" value=\"25437\" \/><input type=\"hidden\" name=\"_wpcf7_version\" value=\"6.1.5\" \/><input type=\"hidden\" name=\"_wpcf7_locale\" value=\"sl_SI\" \/><input type=\"hidden\" name=\"_wpcf7_unit_tag\" value=\"wpcf7-f25437-o1\" \/><input type=\"hidden\" name=\"_wpcf7_container_post\" value=\"0\" \/><input type=\"hidden\" name=\"_wpcf7_posted_data_hash\" value=\"\" \/><input type=\"hidden\" name=\"_wpcf7_recaptcha_response\" value=\"\" \/>\n<\/fieldset>\n<div class=\"one-half\">\n\t<p><span class=\"wpcf7-form-control-wrap\" data-name=\"ime\"><input size=\"40\" maxlength=\"400\" class=\"wpcf7-form-control wpcf7-text wpcf7-validates-as-required\" aria-required=\"true\" aria-invalid=\"false\" placeholder=\"Ime*\" value=\"\" type=\"text\" name=\"ime\" \/><\/span>\n\t<\/p>\n<\/div>\n<div class=\"one-half last\">\n\t<p><span class=\"wpcf7-form-control-wrap\" data-name=\"priimek\"><input size=\"40\" maxlength=\"400\" class=\"wpcf7-form-control wpcf7-text wpcf7-validates-as-required\" aria-required=\"true\" aria-invalid=\"false\" placeholder=\"Priimek*\" value=\"\" type=\"text\" name=\"priimek\" \/><\/span>\n\t<\/p>\n<\/div>\n<div class=\"one-half\">\n\t<p><span class=\"wpcf7-form-control-wrap\" data-name=\"naslov\"><input size=\"40\" maxlength=\"400\" class=\"wpcf7-form-control wpcf7-text wpcf7-validates-as-required\" aria-required=\"true\" aria-invalid=\"false\" placeholder=\"Naslov*\" value=\"\" type=\"text\" name=\"naslov\" \/><\/span>\n\t<\/p>\n<\/div>\n<div class=\"one-half last\">\n\t<p><span class=\"wpcf7-form-control-wrap\" data-name=\"kraj\"><input size=\"40\" maxlength=\"400\" class=\"wpcf7-form-control wpcf7-text wpcf7-validates-as-required\" aria-required=\"true\" aria-invalid=\"false\" placeholder=\"Po\u0161tna \u0161tevilka i Kraj*\" value=\"\" type=\"text\" name=\"kraj\" \/><\/span>\n\t<\/p>\n<\/div>\n<div class=\"one-half\">\n\t<p><span class=\"wpcf7-form-control-wrap\" data-name=\"telefon\"><input size=\"40\" maxlength=\"400\" class=\"wpcf7-form-control wpcf7-text wpcf7-validates-as-required\" aria-required=\"true\" aria-invalid=\"false\" placeholder=\"Telefonska \u0161tevilka*\" value=\"\" type=\"text\" name=\"telefon\" \/><\/span>\n\t<\/p>\n<\/div>\n<div class=\"one-half last\">\n\t<p><span class=\"wpcf7-form-control-wrap\" data-name=\"e-mail\"><input size=\"40\" maxlength=\"400\" class=\"wpcf7-form-control wpcf7-email wpcf7-validates-as-required wpcf7-text wpcf7-validates-as-email\" aria-required=\"true\" aria-invalid=\"false\" placeholder=\"E-mail*\" value=\"\" type=\"email\" name=\"e-mail\" \/><\/span>\n\t<\/p>\n<\/div>\n<div>\n\t<p><span class=\"wpcf7-form-control-wrap\" data-name=\"sporocilo\"><textarea cols=\"40\" rows=\"10\" maxlength=\"2000\" class=\"wpcf7-form-control wpcf7-textarea wpcf7-validates-as-required\" aria-required=\"true\" aria-invalid=\"false\" placeholder=\"Sporo\u010dilo*\" name=\"sporocilo\"><\/textarea><\/span>\n\t<\/p>\n<\/div>\n<div style=\"text-transform: uppercase; color:#aeca1d; font-size: 0.6em; font-weight: 700; letter-spacing: 3px; margin-bottom: 15px;\">\n\t<p>* Zahtevana polja\n\t<\/p>\n<\/div>\n<p><button class=\"wpcf7-form-control wpcf7-submit has-spinner et_pb_button et_pb_bg_layout_light\" type=\"submit\" value=\"Po\u0161lji\">Po\u0161lji<\/button>\n<\/p><div class=\"wpcf7-response-output\" aria-hidden=\"true\"><\/div>\n<\/form>\n<\/div>\n\n\t\t\t<\/div>\n\t\t\t\t<\/div>\n\t\t\t<\/div> [&hellip;]<\/p>\n","protected":false},"author":1,"featured_media":0,"parent":0,"menu_order":0,"comment_status":"closed","ping_status":"closed","template":"","meta":{"_et_pb_use_builder":"on","_et_pb_old_content":"","_et_gb_content_width":"","footnotes":""},"class_list":["post-25393","page","type-page","status-publish","hentry"],"_links":{"self":[{"href":"https:\/\/2.moonsafari.design\/sl\/wp-json\/wp\/v2\/pages\/25393","targetHints":{"allow":["GET"]}}],"collection":[{"href":"https:\/\/2.moonsafari.design\/sl\/wp-json\/wp\/v2\/pages"}],"about":[{"href":"https:\/\/2.moonsafari.design\/sl\/wp-json\/wp\/v2\/types\/page"}],"author":[{"embeddable":true,"href":"https:\/\/2.moonsafari.design\/sl\/wp-json\/wp\/v2\/users\/1"}],"replies":[{"embeddable":true,"href":"https:\/\/2.moonsafari.design\/sl\/wp-json\/wp\/v2\/comments?post=25393"}],"version-history":[{"count":20,"href":"https:\/\/2.moonsafari.design\/sl\/wp-json\/wp\/v2\/pages\/25393\/revisions"}],"predecessor-version":[{"id":26646,"href":"https:\/\/2.moonsafari.design\/sl\/wp-json\/wp\/v2\/pages\/25393\/revisions\/26646"}],"wp:attachment":[{"href":"https:\/\/2.moonsafari.design\/sl\/wp-json\/wp\/v2\/media?parent=25393"}],"curies":[{"name":"wp","href":"https:\/\/api.w.org\/{rel}","templated":true}]}}