{"id":25419,"date":"2022-07-03T11:01:31","date_gmt":"2022-07-03T11:01:31","guid":{"rendered":"https:\/\/ap.moonsafari.design\/nasa-misija\/"},"modified":"2022-07-18T11:39:00","modified_gmt":"2022-07-18T11:39:00","slug":"nasa-misija","status":"publish","type":"page","link":"https:\/\/2.moonsafari.design\/sl\/nasa-misija\/","title":{"rendered":"Na\u0161a misija"},"content":{"rendered":"<p>[et_pb_section fb_built=&#8221;1&#8243; admin_label=&#8221;Hero image&#8221; _builder_version=&#8221;4.17.4&#8243; _module_preset=&#8221;default&#8221; background_image=&#8221;https:\/\/2.moonsafari.design\/wp-content\/uploads\/2022\/07\/nasa-misija-cresanka.webp&#8221; background_position=&#8221;top_center&#8221; min_height=&#8221;400px&#8221; top_divider_color=&#8221;#e02b20&#8243; bottom_divider_style=&#8221;waves2&#8243; bottom_divider_color=&#8221;#f6f6f3&#8243; hover_enabled=&#8221;0&#8243; locked=&#8221;off&#8221; collapsed=&#8221;on&#8221; global_colors_info=&#8221;{}&#8221; theme_builder_area=&#8221;post_content&#8221; alt=&#8221;Na\u0161a misija &#8211; Cresanka&#8221; title_text=&#8221;Na\u0161a misija &#8211; Cresanka&#8221; sticky_enabled=&#8221;0&#8243;][\/et_pb_section][et_pb_section fb_built=&#8221;1&#8243; admin_label=&#8221;Na\u0161a misija&#8221; _builder_version=&#8221;4.16&#8243; _module_preset=&#8221;default&#8221; background_color=&#8221;rgba(0,0,0,0)&#8221; custom_margin=&#8221;-200px||50px||false|false&#8221; custom_padding=&#8221;0px||0px||false|false&#8221; locked=&#8221;off&#8221; collapsed=&#8221;off&#8221; global_colors_info=&#8221;{}&#8221; theme_builder_area=&#8221;post_content&#8221;][et_pb_row admin_label=&#8221;Naslov &#8221; _builder_version=&#8221;4.16&#8243; _module_preset=&#8221;default&#8221; custom_padding=&#8221;0px|4vw||4vw|false|false&#8221; hover_enabled=&#8221;0&#8243; collapsed=&#8221;off&#8221; global_colors_info=&#8221;{}&#8221; theme_builder_area=&#8221;post_content&#8221; sticky_enabled=&#8221;0&#8243;][et_pb_column type=&#8221;4_4&#8243; _builder_version=&#8221;4.16&#8243; _module_preset=&#8221;default&#8221; global_colors_info=&#8221;{}&#8221; theme_builder_area=&#8221;post_content&#8221;][et_pb_text _builder_version=&#8221;4.17.4&#8243; _module_preset=&#8221;default&#8221; text_line_height=&#8221;1.5em&#8221; header_font=&#8221;|300|||||||&#8221; header_text_align=&#8221;left&#8221; header_text_color=&#8221;#f6f6f3&#8243; header_font_size=&#8221;3.5em&#8221; header_6_font=&#8221;|||on|||||&#8221; header_6_line_height=&#8221;2em&#8221; background_layout=&#8221;dark&#8221; custom_margin=&#8221;||||false|false&#8221; hover_enabled=&#8221;0&#8243; locked=&#8221;off&#8221; global_colors_info=&#8221;{}&#8221; theme_builder_area=&#8221;post_content&#8221; sticky_enabled=&#8221;0&#8243;]<\/p>\n<h1>Na\u0161a misija<\/h1>\n<p>[\/et_pb_text][\/et_pb_column][\/et_pb_row][et_pb_row column_structure=&#8221;2_3,1_3&#8243; use_custom_gutter=&#8221;on&#8221; gutter_width=&#8221;1&#8243; admin_label=&#8221;Opis&#8221; _builder_version=&#8221;4.17.4&#8243; _module_preset=&#8221;default&#8221; background_color=&#8221;#FFFFFF&#8221; z_index=&#8221;99&#8243; custom_margin=&#8221;||||false|false&#8221; custom_padding=&#8221;50px|50px|50px|50px|true|true&#8221; hover_enabled=&#8221;0&#8243; box_shadow_style=&#8221;preset1&#8243; box_shadow_vertical=&#8221;-25px&#8221; box_shadow_spread=&#8221;-10px&#8221; collapsed=&#8221;off&#8221; global_colors_info=&#8221;{}&#8221; theme_builder_area=&#8221;post_content&#8221; sticky_enabled=&#8221;0&#8243;][et_pb_column type=&#8221;2_3&#8243; _builder_version=&#8221;4.16&#8243; _module_preset=&#8221;default&#8221; global_colors_info=&#8221;{}&#8221; theme_builder_area=&#8221;post_content&#8221;][et_pb_text _builder_version=&#8221;4.17.4&#8243; _module_preset=&#8221;default&#8221; text_font=&#8221;|300|||||||&#8221; text_font_size=&#8221;24px&#8221; text_letter_spacing=&#8221;0.03em&#8221; text_line_height=&#8221;1.4em&#8221; hover_enabled=&#8221;0&#8243; global_colors_info=&#8221;{}&#8221; theme_builder_area=&#8221;post_content&#8221; sticky_enabled=&#8221;0&#8243;]Filozofija skupine CRESANKA temelji na enostavni, a mo\u010dni ideji \u2013 omogo\u010diti vam pobeg iz vsakdana v naravo, ki vas bo pozdravila in bo postala va\u0161a oaza miru, zdravja, dobrega po\u010dutja in pristnih izku\u0161enj.[\/et_pb_text][et_pb_text _builder_version=&#8221;4.17.4&#8243; _module_preset=&#8221;default&#8221; header_3_font=&#8221;||||||||&#8221; custom_margin=&#8221;50px||15px||false|false&#8221; hover_enabled=&#8221;0&#8243; global_colors_info=&#8221;{}&#8221; theme_builder_area=&#8221;post_content&#8221; sticky_enabled=&#8221;0&#8243;]<\/p>\n<h3>Nova dimenzija \u017eivljenja<\/h3>\n<p>[\/et_pb_text][et_pb_text _builder_version=&#8221;4.17.4&#8243; _module_preset=&#8221;default&#8221; text_letter_spacing=&#8221;0.03em&#8221; text_line_height=&#8221;2em&#8221; hover_enabled=&#8221;0&#8243; global_colors_info=&#8221;{}&#8221; theme_builder_area=&#8221;post_content&#8221; sticky_enabled=&#8221;0&#8243;]Z aktiviranjem vseh \u010dutov in potopitvijo v naravno in zdravo okolje vam omogo\u010damo spro\u0161\u010dujo\u010de in spodbujajo\u010de vzdu\u0161je \u2013 popolno kombinacijo udobja in pristnega cre\u0161kega \u017eivljenja. S stalnim delom, u\u010denjem in nadgradnjo storitev \u017eelimo postati va\u0161a okolju prijazna oaza, v kateri je s ciljem aktiviranja vseh \u010dlove\u0161kih \u010dutov vse podrejeno ohranitvi naravnih virov, \u010dlovekovega zdravja in dobrega po\u010dutja.<\/p>\n<p>Dovolite, da vam prek svojih programov znova odkrijemo lepote neusahljivega vira ustvarjalnosti narave, ki nas obkro\u017ea. Za\u010dutite spro\u0161\u010deno predvidljivost gibanja na\u0161e flore in favne. Z novimi o\u010dmi si oglejte, kaj vas obkro\u017ea, in svojemu \u017eivljenju s stimuliranjem svojih \u010dutov med bivanjem v naravi dodajte novo dimenzijo.[\/et_pb_text][et_pb_text _builder_version=&#8221;4.17.4&#8243; _module_preset=&#8221;default&#8221; header_3_font=&#8221;||||||||&#8221; custom_margin=&#8221;50px||15px||false|false&#8221; hover_enabled=&#8221;0&#8243; global_colors_info=&#8221;{}&#8221; theme_builder_area=&#8221;post_content&#8221; sticky_enabled=&#8221;0&#8243;]<\/p>\n<h3>Na\u0161e vrednote<\/h3>\n<p>[\/et_pb_text][et_pb_text _builder_version=&#8221;4.17.4&#8243; _module_preset=&#8221;default&#8221; text_letter_spacing=&#8221;0.03em&#8221; text_line_height=&#8221;2em&#8221; hover_enabled=&#8221;0&#8243; global_colors_info=&#8221;{}&#8221; theme_builder_area=&#8221;post_content&#8221; sticky_enabled=&#8221;0&#8243;]<strong>Druga\u010dnost<\/strong> \u2013 zakaj smo druga\u010dni? Na\u0161e delo temelji na vrhunski kakovosti, zasnovani na naravnih virih in vklju\u010denosti pristnih detajlov v va\u0161e do\u017eivetje.<\/p>\n<p><strong>\u017delja po u\u010denju<\/strong> \u2013 na\u0161i zaposleni nenehno in predano nadgrajujejo svoje znanje in razgledanost ter pridobivajo certifikate, s \u010dimer gostom zagotavljajo pou\u010dne, proaktivne in celovite storitve. \u017delimo postati znani kot visokokakovostna, referen\u010dna destinacija za naravno, zdravo, pristno in po meri prilagojeno do\u017eivetje gostov.<\/p>\n<p><strong>Predanost<\/strong> \u2013 na voljo smo vam za vse, kar potrebujete. Na\u0161a filozofija vklju\u010duje spodbujanje konstruktivnega dialoga in pristopa, ki prinese ugodne rezultate vsem. Vsak v dru\u017ebi Cresanka d.d. je z zagotavljanjem iskrene skrbi, predanosti in prilagojenih strokovnih nasvetov vedno na voljo za izra\u017eene in neizra\u017eene potrebe in pri\u010dakovanja vas, na\u0161ih gostov.<br \/>\nToplina, empatija in osebni stik krasijo vsako \u010dlove\u0161ko interakcijo in vsak zaposleni v dru\u017ebi Cresanka d.d. poslu\u0161a tudi takrat, ko ga nih\u010de ne naslavlja. Na\u0161 proces, usmerjen h gostom, zagotavlja, da na\u0161i gosti ne uporabljajo samo na\u0161ih storitev. Nam pa prav oni pomagajo storitve nadgraditi.<\/p>\n<p><strong>Strast<\/strong> \u2013 Cresanka d.d. je agilno podjetje, ki se je pripravljeno prilagoditi specifi\u010dnemu trenutku. Strast je gorivo, zaradi katerega smo \u0161e bolj\u0161i. Cenimo odlo\u010dnost, navdu\u0161enje in ob\u010dutek nujnosti. Navdihnjeni smo, ker verjamemo v to, kar po\u010dnemo, in menimo, da je vse mogo\u010de.<\/p>\n<p><strong>Ekipno delo<\/strong> \u2013 Cresanka d.d. je mesto, kjer sta ekipno delo in iskren odnos prisotna v vsaki \u010dlove\u0161ki interakciji. Ustvariti \u017eelimo okolje, ki je obzirno, tolerantno, ustre\u017eljivo in podjetni\u0161ko. Na\u0161i zaposleni izkazujejo hvale\u017enost, zanimanje in spo\u0161tovanje. Podpiramo raznolikost idej, stali\u0161\u010d in interesov. Namesto osredoto\u010denosti na to, kar je bilo slabo, poi\u0161\u010demo re\u0161itve, razmi\u0161ljamo skupaj in delujemo odlo\u010dno ter sinergijsko.[\/et_pb_text][et_pb_text _builder_version=&#8221;4.17.4&#8243; _module_preset=&#8221;default&#8221; header_3_font=&#8221;||||||||&#8221; custom_margin=&#8221;50px||15px||false|false&#8221; hover_enabled=&#8221;0&#8243; global_colors_info=&#8221;{}&#8221; theme_builder_area=&#8221;post_content&#8221; sticky_enabled=&#8221;0&#8243;]<\/p>\n<h3>Oseben stik za povsem posebno izku\u0161njo<\/h3>\n<p>[\/et_pb_text][et_pb_text _builder_version=&#8221;4.17.4&#8243; _module_preset=&#8221;default&#8221; text_letter_spacing=&#8221;0.03em&#8221; text_line_height=&#8221;2em&#8221; hover_enabled=&#8221;0&#8243; global_colors_info=&#8221;{}&#8221; theme_builder_area=&#8221;post_content&#8221; sticky_enabled=&#8221;0&#8243;]Izku\u0161nje na\u0161ih gostov temeljijo na uporabi naravnih osnov same lokacije in pristnosti cre\u0161ke kulturne dedi\u0161\u010dine, da bi s prepoznavnim slogom, dizajnom ter nedvomno varnostjo in udobjem gostom zagotovili edinstveno storitev.<\/p>\n<p>Vsemu, kar po\u010dnemo, dodamo osebno noto, na\u0161 oseben pristop k vsakemu gostu pa zagotavlja, da se na\u0161i gostje po\u010dutijo prijetno, sprejeto, prepoznano in izpolnjeno. S svojo iskrenostjo in skrbnostjo se trudimo v vas vzbuditi ob\u010dutek doma, saj je to tudi na\u0161 namen \u2013 postati va\u0161 dom in skupnost, h kateri se boste vedno z veseljem vra\u010dali. Da bi va\u0161o izku\u0161njo bivanja pri nas \u0161e bolj prilagodili po va\u0161i meri, presegli va\u0161a pri\u010dakovanja in poskrbeli, da se domov vrnete s paleto nepozabnih trenutkov, z veseljem in skrbno prisluhnemo va\u0161im predlogom, opazkam in predlogom.<\/p>\n<p>Na\u0161a ekipa bo dala vse od sebe in bo to naredila iskreno, aktivno bo prisluhnila va\u0161im izra\u017eenim in neizra\u017eenim potrebam ter \u017eeljam, \u010das va\u0161ega bivanja pri nas poenostavila in vas presenetila ter vam pomagala, da presenetite tudi sami sebe.[\/et_pb_text][\/et_pb_column][et_pb_column type=&#8221;1_3&#8243; _builder_version=&#8221;4.16&#8243; _module_preset=&#8221;default&#8221; global_colors_info=&#8221;{}&#8221; theme_builder_area=&#8221;post_content&#8221;][\/et_pb_column][\/et_pb_row][\/et_pb_section]<\/p>\n","protected":false},"excerpt":{"rendered":"<p>Na\u0161a misijaFilozofija skupine CRESANKA temelji na enostavni, a mo\u010dni ideji \u2013 omogo\u010diti vam pobeg iz vsakdana v naravo, ki vas bo pozdravila in bo postala va\u0161a oaza miru, zdravja, dobrega po\u010dutja in pristnih izku\u0161enj.Nova dimenzija \u017eivljenjaZ aktiviranjem vseh \u010dutov in potopitvijo v naravno in zdravo okolje vam omogo\u010damo spro\u0161\u010dujo\u010de in spodbujajo\u010de vzdu\u0161je \u2013 popolno kombinacijo [&hellip;]<\/p>\n","protected":false},"author":1,"featured_media":0,"parent":0,"menu_order":0,"comment_status":"closed","ping_status":"closed","template":"","meta":{"_et_pb_use_builder":"on","_et_pb_old_content":"","_et_gb_content_width":"","footnotes":""},"class_list":["post-25419","page","type-page","status-publish","hentry"],"_links":{"self":[{"href":"https:\/\/2.moonsafari.design\/sl\/wp-json\/wp\/v2\/pages\/25419","targetHints":{"allow":["GET"]}}],"collection":[{"href":"https:\/\/2.moonsafari.design\/sl\/wp-json\/wp\/v2\/pages"}],"about":[{"href":"https:\/\/2.moonsafari.design\/sl\/wp-json\/wp\/v2\/types\/page"}],"author":[{"embeddable":true,"href":"https:\/\/2.moonsafari.design\/sl\/wp-json\/wp\/v2\/users\/1"}],"replies":[{"embeddable":true,"href":"https:\/\/2.moonsafari.design\/sl\/wp-json\/wp\/v2\/comments?post=25419"}],"version-history":[{"count":2,"href":"https:\/\/2.moonsafari.design\/sl\/wp-json\/wp\/v2\/pages\/25419\/revisions"}],"predecessor-version":[{"id":25421,"href":"https:\/\/2.moonsafari.design\/sl\/wp-json\/wp\/v2\/pages\/25419\/revisions\/25421"}],"wp:attachment":[{"href":"https:\/\/2.moonsafari.design\/sl\/wp-json\/wp\/v2\/media?parent=25419"}],"curies":[{"name":"wp","href":"https:\/\/api.w.org\/{rel}","templated":true}]}}