{"id":25444,"date":"2022-05-30T14:53:16","date_gmt":"2022-05-30T12:53:16","guid":{"rendered":"https:\/\/ap.moonsafari.design\/zasebne-sobe-cres\/"},"modified":"2026-01-30T10:43:38","modified_gmt":"2026-01-30T09:43:38","slug":"zasebne-sobe-cres","status":"publish","type":"page","link":"https:\/\/2.moonsafari.design\/sl\/zasebne-sobe-cres\/","title":{"rendered":"Zasebne sobe Cres"},"content":{"rendered":"<p>[et_pb_section fb_built=&#8221;1&#8243; admin_label=&#8221;Section: Hero&#8221; _builder_version=&#8221;4.27.5&#8243; _module_preset=&#8221;default&#8221; background_color=&#8221;gcid-a156b819-d034-45f8-b35d-790ce8709291&#8243; background_image=&#8221;https:\/\/2.moonsafari.design\/wp-content\/uploads\/2022\/05\/Privatne-sobe-Cres.webp&#8221; background_blend=&#8221;multiply&#8221; min_height=&#8221;800px&#8221; min_height_tablet=&#8221;800px&#8221; min_height_phone=&#8221;800px&#8221; min_height_last_edited=&#8221;on|phone&#8221; height_tablet=&#8221;&#8221; height_phone=&#8221;60vh&#8221; height_last_edited=&#8221;on|phone&#8221; max_height=&#8221;800px&#8221; max_height_tablet=&#8221;800px&#8221; max_height_phone=&#8221;800px&#8221; max_height_last_edited=&#8221;on|phone&#8221; mix_blend_mode=&#8221;overlay&#8221; top_divider_color=&#8221;#e02b20&#8243; bottom_divider_style=&#8221;waves2&#8243; bottom_divider_color=&#8221;#FFFFFF&#8221; bottom_divider_style_tablet=&#8221;waves2&#8243; bottom_divider_style_phone=&#8221;wave2&#8243; bottom_divider_style_last_edited=&#8221;on|phone&#8221; bottom_divider_height_tablet=&#8221;&#8221; bottom_divider_height_phone=&#8221;50px&#8221; bottom_divider_height_last_edited=&#8221;on|phone&#8221; background_color_phone=&#8221;gcid-23665c83-1e02-4cac-a0e3-b902c4ab1b7c&#8221; background_last_edited=&#8221;on|phone&#8221; background_enable_color_phone=&#8221;on&#8221; background_image_phone=&#8221;https:\/\/2.moonsafari.design\/wp-content\/uploads\/2022\/05\/Privatne-sobe-Cres.webp&#8221; background_enable_image_phone=&#8221;on&#8221; background_blend_phone=&#8221;multiply&#8221; collapsed=&#8221;on&#8221; global_colors_info=&#8221;{%22gcid-a156b819-d034-45f8-b35d-790ce8709291%22:%91%22background_color%22%93}&#8221; background__hover_enabled=&#8221;off|hover&#8221; background_color__hover=&#8221;#000000&#8243; background_enable_color__hover=&#8221;on&#8221;][\/et_pb_section][et_pb_section fb_built=&#8221;1&#8243; admin_label=&#8221;Intro&#8221; _builder_version=&#8221;4.16&#8243; _module_preset=&#8221;default&#8221; background_color=&#8221;rgba(0,0,0,0)&#8221; custom_margin=&#8221;-350px||||false|false&#8221; custom_padding=&#8221;0px||0px||false|false&#8221; collapsed=&#8221;on&#8221; global_colors_info=&#8221;{}&#8221;][et_pb_row admin_label=&#8221;Row: Naslov&#8221; _builder_version=&#8221;4.16&#8243; _module_preset=&#8221;default&#8221; width_tablet=&#8221;&#8221; width_phone=&#8221;90%&#8221; width_last_edited=&#8221;on|phone&#8221; custom_padding=&#8221;0px|4vw||4vw|false|false&#8221; global_colors_info=&#8221;{}&#8221;][et_pb_column type=&#8221;4_4&#8243; _builder_version=&#8221;4.16&#8243; _module_preset=&#8221;default&#8221; global_colors_info=&#8221;{}&#8221;][et_pb_text admin_label=&#8221;Naslov&#8221; _builder_version=&#8221;4.17.4&#8243; _module_preset=&#8221;default&#8221; text_line_height=&#8221;1.5em&#8221; header_font=&#8221;||||||||&#8221; header_text_align=&#8221;left&#8221; header_text_color=&#8221;#f6f6f3&#8243; background_layout=&#8221;dark&#8221; custom_margin=&#8221;||||false|false&#8221; header_font_size_tablet=&#8221;91px&#8221; header_font_size_phone=&#8221;3em&#8221; header_font_size_last_edited=&#8221;on|phone&#8221; header_6_line_height_tablet=&#8221;&#8221; header_6_line_height_phone=&#8221;1.2em&#8221; header_6_line_height_last_edited=&#8221;on|phone&#8221; locked=&#8221;off&#8221; global_colors_info=&#8221;{}&#8221;]<\/p>\n<h1>Zasebne sobe Cres<\/h1>\n<h6>ODDIH V SRCU STAREGA DELA MESTA<\/h6>\n<p>[\/et_pb_text][\/et_pb_column][\/et_pb_row][et_pb_row column_structure=&#8221;2_3,1_3&#8243; admin_label=&#8221;Row: Opis&#8221; _builder_version=&#8221;4.17.4&#8243; _module_preset=&#8221;default&#8221; background_color=&#8221;#FFFFFF&#8221; z_index=&#8221;99&#8243; width_tablet=&#8221;&#8221; width_phone=&#8221;90%&#8221; width_last_edited=&#8221;on|phone&#8221; custom_margin=&#8221;||||false|false&#8221; custom_padding=&#8221;4vw|4vw||4vw|false|false&#8221; box_shadow_style=&#8221;preset1&#8243; box_shadow_vertical=&#8221;-25px&#8221; box_shadow_spread=&#8221;-10px&#8221; global_colors_info=&#8221;{}&#8221;][et_pb_column type=&#8221;2_3&#8243; _builder_version=&#8221;4.16&#8243; _module_preset=&#8221;default&#8221; background_color=&#8221;RGBA(0,0,0,0)&#8221; global_colors_info=&#8221;{}&#8221;][et_pb_text _builder_version=&#8221;4.17.4&#8243; _module_preset=&#8221;default&#8221; text_font=&#8221;||||||||&#8221; text_letter_spacing=&#8221;0.03em&#8221; text_line_height=&#8221;1.8em&#8221; custom_margin=&#8221;||50px||false|false&#8221; locked=&#8221;off&#8221; global_colors_info=&#8221;{%22gcid-15be7f10-44fe-47d7-8b6a-63cddb76816b%22:%91%22dsm_modules_readmore_link_color%22%93}&#8221;]<\/p>\n<p>Obi\u0161\u010dite \u017eive zakladnice cre\u0161ke zgodovine in prespite v eni od zasebnih sob iz na\u0161e ponudbe. Podobno kot apartmaji se tudi zasebne sobe nahajajo na obmo\u010djih mesta Cres (Melin ali Grabar) ali v samem starem mestnem jedru. Zaradi svoje lokacije so \u0161e posebej zanimive, saj se nahajajo na popolnem mestu za do\u017eivetje samega mesta in otoka. Od morja so oddaljene 200 do 500 metrov.<\/p>\n<p>Zasebne sobe so povsem in individualno z mislijo na va\u0161e udobje opremljene po okusu lastnika hi\u0161e, prebivalca mesta Cres. Zasebne sobe kategorije 3 zvezdic imajo lastno kopalnico, brisa\u010de in posteljnino. \u010ci\u0161\u010denje je vklju\u010deno v ceno.<\/p>\n<p>[\/et_pb_text][\/et_pb_column][et_pb_column type=&#8221;1_3&#8243; _builder_version=&#8221;4.16&#8243; _module_preset=&#8221;default&#8221; global_colors_info=&#8221;{}&#8221;][et_pb_text _builder_version=&#8221;4.17.4&#8243; _module_preset=&#8221;default&#8221; header_4_font=&#8221;|||on|||||&#8221; header_4_letter_spacing=&#8221;0.5px&#8221; global_colors_info=&#8221;{}&#8221;]<\/p>\n<h4>Lastnosti:<\/h4>\n<ul>\n<li>Zasebna kopalnica<\/li>\n<li>Brisa\u010de<\/li>\n<li>Posteljnina<\/li>\n<\/ul>\n<p>[\/et_pb_text][\/et_pb_column][\/et_pb_row][\/et_pb_section][et_pb_section fb_built=&#8221;1&#8243; admin_label=&#8221;Section: Sobe&#8221; _builder_version=&#8221;4.16&#8243; _module_preset=&#8221;default&#8221; background_color=&#8221;rgba(0,0,0,0)&#8221; collapsed=&#8221;off&#8221; global_colors_info=&#8221;{}&#8221;][et_pb_row column_structure=&#8221;1_3,1_3,1_3&#8243; admin_label=&#8221;Row: Sobe&#8221; _builder_version=&#8221;4.17.4&#8243; _module_preset=&#8221;default&#8221; collapsed=&#8221;off&#8221; global_colors_info=&#8221;{}&#8221;][et_pb_column type=&#8221;1_3&#8243; _builder_version=&#8221;4.17.4&#8243; _module_preset=&#8221;default&#8221; global_colors_info=&#8221;{}&#8221;][et_pb_blurb image=&#8221;https:\/\/2.moonsafari.design\/wp-content\/uploads\/2022\/05\/apartman-surdic-thumb.webp&#8221; alt=&#8221;Soba Opati\u0107 &#8211; 3 zvjezdice&#8221; admin_label=&#8221;Soba Opati\u0107 1\/2&#8243; _builder_version=&#8221;4.17.4&#8243; _dynamic_attributes=&#8221;link_option_url&#8221; _module_preset=&#8221;default&#8221; link_option_url=&#8221;@ET-DC@eyJkeW5hbWljIjp0cnVlLCJjb250ZW50IjoicG9zdF9saW5rX3VybF9wYWdlIiwic2V0dGluZ3MiOnsicG9zdF9pZCI6IjIzMzAwIn19@&#8221; global_colors_info=&#8221;{}&#8221;]<\/p>\n<p><a href=\"https:\/\/2.moonsafari.design\/wp-content\/uploads\/2022\/05\/3-star.svg\"><img loading=\"lazy\" decoding=\"async\" class=\"wp-image-22749 alignnone size-full\" style=\"display: block; margin-left: auto; margin-right: auto;\" src=\"https:\/\/2.moonsafari.design\/wp-content\/uploads\/2022\/05\/3-star.svg\" alt=\"Apartman 3 zvjezdice\" width=\"64\" height=\"20\" \/><\/a><\/p>\n<h3 style=\"text-align: center; padding-top: 10px;\">Soba Opati\u0107 1\/2<\/h3>\n<p>[\/et_pb_blurb][\/et_pb_column][et_pb_column type=&#8221;1_3&#8243; _builder_version=&#8221;4.17.4&#8243; _module_preset=&#8221;default&#8221; global_colors_info=&#8221;{}&#8221;][et_pb_blurb image=&#8221;https:\/\/2.moonsafari.design\/wp-content\/uploads\/2026\/01\/privatna-soba-mijatovic-zdenka-cres-thumbnail.webp&#8221; alt=&#8221;Zasebna soba Mijatovi\u0107 Zdenka v Cresu&#8221; admin_label=&#8221;Soba Mijatovi\u0107 1\/2&#8243; _builder_version=&#8221;4.27.5&#8243; _dynamic_attributes=&#8221;link_option_url&#8221; _module_preset=&#8221;default&#8221; link_option_url=&#8221;@ET-DC@eyJkeW5hbWljIjp0cnVlLCJjb250ZW50IjoicG9zdF9saW5rX3VybF9wYWdlIiwic2V0dGluZ3MiOnsicG9zdF9pZCI6IjI2ODgwIn19@&#8221; hover_enabled=&#8221;0&#8243; global_colors_info=&#8221;{}&#8221; sticky_enabled=&#8221;0&#8243;]<\/p>\n<p><a href=\"https:\/\/2.moonsafari.design\/wp-content\/uploads\/2022\/05\/3-star.svg\"><img loading=\"lazy\" decoding=\"async\" class=\"wp-image-22749 alignnone size-full\" style=\"display: block; margin-left: auto; margin-right: auto;\" src=\"https:\/\/2.moonsafari.design\/wp-content\/uploads\/2022\/05\/3-star.svg\" alt=\"Apartman 3 zvjezdice\" width=\"64\" height=\"20\" \/><\/a><\/p>\n<h3 style=\"text-align: center; padding-top: 10px;\">Soba Mijatovi\u0107 1\/2<\/h3>\n<p>[\/et_pb_blurb][\/et_pb_column][et_pb_column type=&#8221;1_3&#8243; _builder_version=&#8221;4.17.4&#8243; _module_preset=&#8221;default&#8221; global_colors_info=&#8221;{}&#8221;][\/et_pb_column][\/et_pb_row][\/et_pb_section][et_pb_section fb_built=&#8221;1&#8243; admin_label=&#8221;Section: Cjenik&#8221; _builder_version=&#8221;4.23.4&#8243; _module_preset=&#8221;afe7dc44-e1a0-49b2-88ff-bcfaf7c5d03f&#8221; collapsed=&#8221;on&#8221; global_colors_info=&#8221;{}&#8221;][et_pb_row column_structure=&#8221;2_3,1_3&#8243; _builder_version=&#8221;4.17.4&#8243; _module_preset=&#8221;default&#8221; global_colors_info=&#8221;{}&#8221;][et_pb_column type=&#8221;2_3&#8243; _builder_version=&#8221;4.17.4&#8243; _module_preset=&#8221;default&#8221; global_colors_info=&#8221;{}&#8221;][dvmd_table_maker tbl_title_text=&#8221;Cene 2026&#8243; tbl_description_text=&#8221;Cene za individualne goste zasebne sobe Cres (kategorija ***)&#8221; _builder_version=&#8221;4.27.5&#8243; _module_preset=&#8221;f9099280-25ed-48c1-85b3-0468684eba05&#8243; tbl_rhead_text_letter_spacing=&#8221;0.5px&#8221; tbl_rhead_text_line_height=&#8221;1.2em&#8221; locked=&#8221;off&#8221; global_colors_info=&#8221;{%22gcid-aa085fd0-3e66-42dd-95a6-cc4a8937ce53%22:%91%22tbl_rhead_text_text_color%22,%22tbl_rhead_text_text_color%22,%22tbl_rhead_text_text_color%22%93,%22gcid-4829bd25-792c-4ddb-b3ae-3d2d22a86e0a%22:%91%22tbl_chead_cell_color%22,%22tbl_rhead_cell_color%22%93,%22gcid-64851603-9990-49e4-a3f5-ced8a9192f73%22:%91%22tbl_chead_text_text_color%22,%22tbl_chead_text_text_color%22%93}&#8221;][dvmd_table_maker_item col_content=&#8221;<br \/>\nEnoposteljna soba<br \/>\nDvoposteljna soba<br \/>\nTriposteljna soba&#8221; _builder_version=&#8221;4.19.4&#8243; _module_preset=&#8221;default&#8221; global_colors_info=&#8221;{}&#8221;][\/dvmd_table_maker_item][dvmd_table_maker_item col_label=&#8221;1&#8243; col_content=&#8221;01.01. &#8211; 12.05.<br \/>19.09. &#8211; 31.12.<br \/>\n39,00<br \/>\n47,00<br \/>\n57,00&#8243; _builder_version=&#8221;4.27.5&#8243; _module_preset=&#8221;default&#8221; global_colors_info=&#8221;{}&#8221;][\/dvmd_table_maker_item][dvmd_table_maker_item col_label=&#8221;2&#8243; col_content=&#8221;13.05. &#8211; 19.06.<br \/>05.09. &#8211; 18.09.<br \/>\n44,00<br \/>\n58,00<br \/>\n67,00&#8243; _builder_version=&#8221;4.27.5&#8243; _module_preset=&#8221;default&#8221; global_colors_info=&#8221;{}&#8221;][\/dvmd_table_maker_item][dvmd_table_maker_item col_label=&#8221;3&#8243; col_content=&#8221;20.06. &#8211; 24.07.<br \/>21.08. &#8211; 04.09.<br \/>\n54,00<br \/>\n64,00<br \/>\n77,00&#8243; _builder_version=&#8221;4.27.5&#8243; _module_preset=&#8221;default&#8221; global_colors_info=&#8221;{}&#8221;][\/dvmd_table_maker_item][dvmd_table_maker_item col_content=&#8221;25.07. &#8211; 20.08.<br \/>\n62,00<br \/>\n74,00<br \/>\n92,00&#8243; _builder_version=&#8221;4.27.5&#8243; _module_preset=&#8221;default&#8221; global_colors_info=&#8221;{}&#8221;][\/dvmd_table_maker_item][\/dvmd_table_maker][et_pb_text _builder_version=&#8221;4.17.4&#8243; _module_preset=&#8221;default&#8221; global_colors_info=&#8221;{}&#8221;]<\/p>\n<ul>\n<li>Cene so navedene v evrih in veljajo za dnevni najem sobe.<\/li>\n<li>Cene so informativne in se lahko spremenijo.<\/li>\n<li>Svoje bivanje pla\u010date na recepciji turisti\u010dne agencije Turist v Cresu.<\/li>\n<li>Sprejemamo kreditne kartice: Mastercard, Visa in American Express.<\/li>\n<\/ul>\n<p>[\/et_pb_text][\/et_pb_column][et_pb_column type=&#8221;1_3&#8243; _builder_version=&#8221;4.17.4&#8243; _module_preset=&#8221;default&#8221; background_color=&#8221;gcid-540ee974-c1dd-49d6-acf0-e33f874f8b64&#8243; custom_padding=&#8221;2vh|2vw|2vh|2vw|true|true&#8221; global_colors_info=&#8221;{%22gcid-540ee974-c1dd-49d6-acf0-e33f874f8b64%22:%91%22background_color%22%93}&#8221;][et_pb_text _builder_version=&#8221;4.23.4&#8243; _module_preset=&#8221;default&#8221; global_colors_info=&#8221;{}&#8221;]<\/p>\n<p><strong>V ceno so vklju\u010deni:<\/strong><\/p>\n<ul>\n<li>stro\u0161ek kon\u010dnega \u010di\u0161\u010denja,<\/li>\n<li>turisti\u010dna taksa,<\/li>\n<li>DDV.<\/li>\n<\/ul>\n<p><strong>Dodatek:<\/strong><\/p>\n<ul>\n<li>Enkratna taksa za prijavo na osebo (samo na dan prihoda): 5,00 \u20ac<\/li>\n<li>Hi\u0161ni ljubljen\u010dki dnevno (po dogovoru): 9,00 \u20ac<\/li>\n<\/ul>\n<p><strong>Dodatki:<\/strong><\/p>\n<ul>\n<li>Ena no\u010ditev: 30 %<\/li>\n<\/ul>\n<p><strong>Prihod \/ Odhod:<\/strong><\/p>\n<ul>\n<li>Prihod: od 16. ure<\/li>\n<li>Odhod: do 11. ure<\/li>\n<\/ul>\n<p>[\/et_pb_text][\/et_pb_column][\/et_pb_row][\/et_pb_section]<\/p>\n","protected":false},"excerpt":{"rendered":"<p>Zasebne sobe Cres ODDIH V SRCU STAREGA DELA MESTAObi\u0161\u010dite \u017eive zakladnice cre\u0161ke zgodovine in prespite v eni od zasebnih sob iz na\u0161e ponudbe. Podobno kot apartmaji se tudi zasebne sobe nahajajo na obmo\u010djih mesta Cres (Melin ali Grabar) ali v samem starem mestnem jedru. Zaradi svoje lokacije so \u0161e posebej zanimive, saj se nahajajo na [&hellip;]<\/p>\n","protected":false},"author":1,"featured_media":0,"parent":0,"menu_order":0,"comment_status":"closed","ping_status":"closed","template":"","meta":{"_et_pb_use_builder":"on","_et_pb_old_content":"","_et_gb_content_width":"","footnotes":""},"class_list":["post-25444","page","type-page","status-publish","hentry"],"_links":{"self":[{"href":"https:\/\/2.moonsafari.design\/sl\/wp-json\/wp\/v2\/pages\/25444","targetHints":{"allow":["GET"]}}],"collection":[{"href":"https:\/\/2.moonsafari.design\/sl\/wp-json\/wp\/v2\/pages"}],"about":[{"href":"https:\/\/2.moonsafari.design\/sl\/wp-json\/wp\/v2\/types\/page"}],"author":[{"embeddable":true,"href":"https:\/\/2.moonsafari.design\/sl\/wp-json\/wp\/v2\/users\/1"}],"replies":[{"embeddable":true,"href":"https:\/\/2.moonsafari.design\/sl\/wp-json\/wp\/v2\/comments?post=25444"}],"version-history":[{"count":11,"href":"https:\/\/2.moonsafari.design\/sl\/wp-json\/wp\/v2\/pages\/25444\/revisions"}],"predecessor-version":[{"id":26902,"href":"https:\/\/2.moonsafari.design\/sl\/wp-json\/wp\/v2\/pages\/25444\/revisions\/26902"}],"wp:attachment":[{"href":"https:\/\/2.moonsafari.design\/sl\/wp-json\/wp\/v2\/media?parent=25444"}],"curies":[{"name":"wp","href":"https:\/\/api.w.org\/{rel}","templated":true}]}}